{"id":4808,"date":"2025-07-07T22:03:35","date_gmt":"2025-07-08T02:03:35","guid":{"rendered":"https:\/\/muellesdealejandria.biz\/?page_id=4808"},"modified":"2025-07-12T16:12:02","modified_gmt":"2025-07-12T20:12:02","slug":"escuela-de-programadores","status":"publish","type":"page","link":"https:\/\/muellesdealejandria.biz\/index.php\/escuela-de-programadores\/","title":{"rendered":"Escuela de programadores"},"content":{"rendered":"\n<section id=\"section-7668b108-849a-4004-9c03-c931d6f10143\" class=\"wp-block-gutentor-restaurant-menu gutentor-section gutentor-restaurant-menu restaurant-menu-template1 has-gutentor-overlay\"><div class=\"grid-container\"><div class=\"grid-row gutentor-grid-item-wrap wow animated slideInUp\" data-wow-animation=\"slideInUp\" data-wow-delay=\"0.5s\" data-wow-iteration=\"1\"><div class=\"gutentor-grid-column grid-lg-3 grid-md-6 grid-12\"><div class=\"gutentor-single-item gutentor-single-item-0\"><div class=\"gutentor-single-item-content\"><div class=\"gutentor-single-item-image-box\"><div class=\"gutentor-image-thumb\"><img loading=\"lazy\" decoding=\"async\" class=\"normal-image\" src=\"http:\/\/muellesdealejandria.biz\/wp-content\/uploads\/2025\/07\/Scrich_Video_Juego_Course_EP-01.png\" alt=\"\" height=\"1280\" width=\"1920\"\/><\/div><div class=\"gutentor-restaurant-menu-price-box price-box-right-bottom\"><div class=\"gutentor-restaurant-menu-price\"><span class=\"gutentor-restaurant-menu-price-amount\"><span class=\"gutentor-restaurant-menu-price-unit\">$<\/span>00<\/span><\/div><\/div><\/div><div class=\"gutentor-restaurant-menu-content\"><div class=\"gutentor-restaurant-menu-wrap\"><h4 class=\"gutentor-single-item-title\"><strong>Curso de Programaci\u00f3n de<br>videojuegos<\/strong><\/h4><\/div><\/div><div class=\"gutentor-single-item-desc\"><p class=\"gutentor-single-item-desc\">Dirigido a toda aquella<br>persona interesada en aprender a desarrollar videojuegos con el uso del Programa Scratch y a introducirse en el mundo de la programaci\u00f3n.<\/p><\/div><a class=\"gutentor-button gutentor-single-item-button gutentor-icon-after 14\" href=\"\/index.php\/escuela-de-programadores\/programacion-de-video-juegos\/\"><i class=\"gutentor-button-icon fas fa-angle-right\"><\/i><span>M\u00e1s informaci\u00f3n<\/span><\/a><\/div><\/div><\/div><div class=\"gutentor-grid-column grid-lg-3 grid-md-6 grid-12\"><div class=\"gutentor-single-item gutentor-single-item-1\"><div class=\"gutentor-single-item-content\"><div class=\"gutentor-single-item-image-box\"><div class=\"gutentor-image-thumb\"><img loading=\"lazy\" decoding=\"async\" class=\"normal-image\" src=\"http:\/\/muellesdealejandria.biz\/wp-content\/uploads\/2025\/07\/Algoritmica-y-Programacion_Course_EP-02.png\" alt=\"\" height=\"1280\" width=\"1920\"\/><\/div><div class=\"gutentor-restaurant-menu-price-box price-box-right-bottom\"><div class=\"gutentor-restaurant-menu-price\"><span class=\"gutentor-restaurant-menu-price-amount\"><span class=\"gutentor-restaurant-menu-price-unit\">$<\/span>00<\/span><\/div><\/div><\/div><div class=\"gutentor-restaurant-menu-content\"><div class=\"gutentor-restaurant-menu-wrap\"><h4 class=\"gutentor-single-item-title\"><strong>Curso de Algor\u00edtmica y Programaci\u00f3n<\/strong><\/h4><\/div><\/div><div class=\"gutentor-single-item-desc\"><p class=\"gutentor-single-item-desc\">Dirigido a toda<br>aquella persona interesada en<br>aprender las bases de la programaci\u00f3n estructurada, con el uso del Lenguaje PSEINT, sentar<br>las bases s\u00f3lidas para formarse<br>como desarrollador de sistemas<br>inform\u00e1ticos.<\/p><\/div><a class=\"gutentor-button gutentor-single-item-button gutentor-icon-after 14\" href=\"\/index.php\/escuela-de-programadores\/curso-de-algoritmica-y-programacion\/\"><i class=\"gutentor-button-icon fas fa-angle-right\"><\/i><span>M\u00e1s informaci\u00f3n<\/span><\/a><\/div><\/div><\/div><div class=\"gutentor-grid-column grid-lg-3 grid-md-6 grid-12\"><div class=\"gutentor-single-item gutentor-single-item-2\"><div class=\"gutentor-single-item-content\"><div class=\"gutentor-single-item-image-box\"><div class=\"gutentor-image-thumb\"><img loading=\"lazy\" decoding=\"async\" class=\"normal-image\" src=\"http:\/\/muellesdealejandria.biz\/wp-content\/uploads\/2025\/07\/Python_Course_EP-03.png\" alt=\"\" height=\"1280\" width=\"1920\"\/><\/div><div class=\"gutentor-restaurant-menu-price-box price-box-right-bottom\"><div class=\"gutentor-restaurant-menu-price\"><span class=\"gutentor-restaurant-menu-price-amount\"><span class=\"gutentor-restaurant-menu-price-unit\">$<\/span>0.00<\/span><\/div><\/div><\/div><div class=\"gutentor-restaurant-menu-content\"><div class=\"gutentor-restaurant-menu-wrap\"><h4 class=\"gutentor-single-item-title\"><strong>Curso de Python<\/strong><\/h4><\/div><\/div><div class=\"gutentor-single-item-desc\"><p class=\"gutentor-single-item-desc\">A toda persona que desee tener un conocimiento avanzado de este lenguaje, y poder crear un portafolio amplio con proyectos y<br>sistemas de m\u00faltiples funciones.<\/p><\/div><a class=\"gutentor-button gutentor-single-item-button gutentor-icon-after 14\" href=\"\/index.php\/escuela-de-programadores\/curso-de-python\/\"><i class=\"gutentor-button-icon fas fa-angle-right\"><\/i><span>M\u00e1s informaci\u00f3n<\/span><\/a><\/div><\/div><\/div><div class=\"gutentor-grid-column grid-lg-3 grid-md-6 grid-12\"><div class=\"gutentor-single-item gutentor-single-item-3\"><div class=\"gutentor-single-item-content\"><div class=\"gutentor-single-item-image-box\"><div class=\"gutentor-image-thumb\"><img loading=\"lazy\" decoding=\"async\" class=\"normal-image\" src=\"http:\/\/muellesdealejandria.biz\/wp-content\/uploads\/2025\/07\/MySql_Course_EP-04.png\" alt=\"\" height=\"1280\" width=\"1920\"\/><\/div><div class=\"gutentor-restaurant-menu-price-box price-box-right-bottom\"><div class=\"gutentor-restaurant-menu-price\"><span class=\"gutentor-restaurant-menu-price-amount\"><span class=\"gutentor-restaurant-menu-price-unit\">$<\/span>0.00<\/span><\/div><\/div><\/div><div class=\"gutentor-restaurant-menu-content\"><div class=\"gutentor-restaurant-menu-wrap\"><h4 class=\"gutentor-single-item-title\"><strong>Curso de Base de Datos<\/strong><\/h4><\/div><\/div><div class=\"gutentor-single-item-desc\"><p class=\"gutentor-single-item-desc\">A toda persona interesada en<br>dominar los fundamentos del dise\u00f1o y modelaje de base de datos, as\u00ed como la administraci\u00f3n con el uso del manejador de base de datos Mysql. <\/p><\/div><a class=\"gutentor-button gutentor-single-item-button gutentor-icon-after 14\" href=\"\/index.php\/escuela-de-programadores\/curso-de-base-de-datos\/\"><i class=\"gutentor-button-icon fas fa-angle-right\"><\/i><span>M\u00e1s informaci\u00f3n<\/span><\/a><\/div><\/div><\/div><\/div><\/div><\/section>\n\n\n\n<hr class=\"wp-block-separator has-css-opacity is-style-wide\"\/>\n\n\n\n<p>M\u00e1s informaci\u00f3n de los cursos en <a rel=\"noreferrer noopener\" href=\"https:\/\/www.netacad.com\/\" target=\"_blank\">https:\/\/www.netacad.com\/<\/a><\/p>\n","protected":false},"excerpt":{"rendered":"<p>M\u00e1s informaci\u00f3n de los cursos en https:\/\/www.netacad.com\/<\/p>\n","protected":false},"author":2,"featured_media":0,"parent":0,"menu_order":0,"comment_status":"closed","ping_status":"closed","template":"","meta":{"footnotes":""},"class_list":["post-4808","page","type-page","status-publish","hentry"],"_links":{"self":[{"href":"https:\/\/muellesdealejandria.biz\/index.php\/wp-json\/wp\/v2\/pages\/4808","targetHints":{"allow":["GET"]}}],"collection":[{"href":"https:\/\/muellesdealejandria.biz\/index.php\/wp-json\/wp\/v2\/pages"}],"about":[{"href":"https:\/\/muellesdealejandria.biz\/index.php\/wp-json\/wp\/v2\/types\/page"}],"author":[{"embeddable":true,"href":"https:\/\/muellesdealejandria.biz\/index.php\/wp-json\/wp\/v2\/users\/2"}],"replies":[{"embeddable":true,"href":"https:\/\/muellesdealejandria.biz\/index.php\/wp-json\/wp\/v2\/comments?post=4808"}],"version-history":[{"count":15,"href":"https:\/\/muellesdealejandria.biz\/index.php\/wp-json\/wp\/v2\/pages\/4808\/revisions"}],"predecessor-version":[{"id":5030,"href":"https:\/\/muellesdealejandria.biz\/index.php\/wp-json\/wp\/v2\/pages\/4808\/revisions\/5030"}],"wp:attachment":[{"href":"https:\/\/muellesdealejandria.biz\/index.php\/wp-json\/wp\/v2\/media?parent=4808"}],"curies":[{"name":"wp","href":"https:\/\/api.w.org\/{rel}","templated":true}]}}