{"id":48,"date":"2019-10-04T08:29:34","date_gmt":"2019-10-04T08:29:34","guid":{"rendered":"https:\/\/www.demo.cosmoswp.com\/demo-6\/?page_id=105"},"modified":"2025-08-01T07:39:24","modified_gmt":"2025-08-01T11:39:24","slug":"home","status":"publish","type":"page","link":"https:\/\/muellesdealejandria.biz\/","title":{"rendered":"Home"},"content":{"rendered":"\n<section id=\"section-055cdfef-8e5b-4fb8-acb3-639aa17f1c01\" class=\"wp-block-gutentor-image-slider gutentor-section gutentor-image-slider imageSlider-template1 g-c-r-valign-mobile g-c-r-valign-tablet g-valign-c-desktop text-left\"><div class=\"gutentor-grid-item-wrap\"><div class=\"gutentor-slider-wrapper\" data-dots=\"false\" data-arrows=\"true\" data-infinite=\"true\" data-nextarrow=\"fas fa-angle-right\" data-prevarrow=\"fas fa-angle-left\" data-autoplay=\"true\" data-autoplayspeed=\"4000\" data-fade=\"false\" data-speed=\"4000\"><div class=\"gutentor-slider-item\"><div class=\"gutentor-single-item gutentor-single-item-0\"><div class=\"gutentor-single-item-wrap\"><div class=\"gutentor-single-item-image-box\"><div class=\"gutentor-bg-image\"><div class=\"overlay\"><\/div><\/div><\/div><div class=\"gutentor-single-item-content\"><div class=\"grid-container\"><div class=\"slider-caption text-center\"><h3 class=\"gutentor-single-item-title\">L\u00edderes desde hace m\u00e1s de 20 a\u00f1os en formaci\u00f3n del <strong>Programa<\/strong> <strong>Cisco Networking Academy (Academia Cisco)<\/strong><\/h3><p class=\"gutentor-single-item-desc\">Los cursos de <strong>Cisco Networking\u00a0Academy <\/strong>ofrecen la m\u00e1s completa opci\u00f3n para la capacitaci\u00f3n en redes en las \u00e1reas de mayor demanda de personal en el sector de las TI <\/p><a class=\"gutentor-button gutentor-single-item-button gutentor-icon-hide\" href=\"#\"><i class=\"gutentor-button-icon fas fa-book\"><\/i><span> <\/span><\/a><\/div><\/div><\/div><\/div><\/div><\/div><div class=\"gutentor-slider-item\"><div class=\"gutentor-single-item gutentor-single-item-1\"><div class=\"gutentor-single-item-wrap\"><div class=\"gutentor-single-item-image-box\"><div class=\"gutentor-bg-image\"><div class=\"overlay\"><\/div><\/div><\/div><div class=\"gutentor-single-item-content\"><div class=\"grid-container\"><div class=\"slider-caption text-center\"><h3 class=\"gutentor-single-item-title\">Capacitaci\u00f3n introductoria y especializada en Tecnolog\u00edas de Informaci\u00f3n<\/h3><p class=\"gutentor-single-item-desc\">Un portafolio de cursos de reconocido prestigio est\u00e1n disponibles para atender las necesidades de formaci\u00f3n profesional en TI <\/p><a class=\"gutentor-button gutentor-single-item-button gutentor-icon-hide\" href=\"#\"><i class=\"gutentor-button-icon fas fa-book\"><\/i><span><\/span><\/a><\/div><\/div><\/div><\/div><\/div><\/div><\/div><\/div><\/section>\n\n\n\n<section id=\"section-9517d427-d681-4b2c-bb1d-00db14f54205\" class=\"wp-block-gutentor-icon-box gutentor-section gutentor-icon-wrapper icon-template2 text-left\"><div class=\"grid-container gutentor-rm-ct-space-d gutentor-rm-ct-space-t gutentor-rm-ct-space\"><div class=\"gutentor-block-header\"><div class=\"gutentor-section-title text-center\"><h2 class=\"gutentor-title\"><a href=\"https:\/www.muellesdealejandria.biz\">\u00bfPor qu\u00e9 elegirnos?<\/a><\/h2><\/div><\/div><div class=\"grid-row gutentor-grid-item-wrap wow animated slideInUp\" data-wow-animation=\"slideInUp\" data-wow-delay=\"0.5s\"><div class=\"gutentor-grid-column grid-lg-3 grid-md-3 grid-12\"><div class=\"gutentor-single-item gutentor-icon gutentor-single-item-0\"><div class=\"gutentor-single-item-wrap\"><div class=\"gutentor-single-item-icon-box\"><i class=\"fas fa-user-graduate\"><\/i><\/div><div class=\"gutentor-single-item-content\"><h4 class=\"gutentor-single-item-title\"> <strong>CALIDAD<\/strong><br><strong>ACAD\u00c9MICA<\/strong><\/h4><p class=\"gutentor-single-item-desc\">Los programas impartidos por Muelles de Alejandr\u00eda son reconocidos por la utilidad y pertinencia de sus contenidos y por su dise\u00f1o instruccional, que incorpora las mejores pr\u00e1cticas de ense\u00f1anza.<br><br><\/p><\/div><\/div><\/div><\/div><div class=\"gutentor-grid-column grid-lg-3 grid-md-3 grid-12\"><div class=\"gutentor-single-item gutentor-icon gutentor-single-item-1\"><div class=\"gutentor-single-item-wrap\"><div class=\"gutentor-single-item-icon-box\"><i class=\"fas fa-chalkboard-teacher\"><\/i><\/div><div class=\"gutentor-single-item-content\"><h4 class=\"gutentor-single-item-title\"><strong>INSTRUCTORES <\/strong><br><strong>EXPERIMENTADOS<\/strong> <\/h4><p class=\"gutentor-single-item-desc\">La formaci\u00f3n est\u00e1 enriquecida por la experiencia y profesionalidad de sus instructores, lo cual est\u00e1 orientado a maximizar los beneficios en la formaci\u00f3n de sus estudiantes.<br><br><\/p><\/div><\/div><\/div><\/div><div class=\"gutentor-grid-column grid-lg-3 grid-md-3 grid-12\"><div class=\"gutentor-single-item gutentor-icon gutentor-single-item-2\"><div class=\"gutentor-single-item-wrap\"><div class=\"gutentor-single-item-icon-box\"><i class=\"fas fa-street-view\"><\/i><\/div><div class=\"gutentor-single-item-content\"><h4 class=\"gutentor-single-item-title\"><strong>EXPERIENCIA EN ENTORNO DE APRENIZAJE<\/strong><\/h4><p class=\"gutentor-single-item-desc\">Se utilizan entornos de aprendizajes y plataformas\u00a0 tecnol\u00f3gicas actualizadas, que aunado a la amplia trayectoria en capacitaci\u00f3n a distancia,\u00a0 facilitan la experiencia formativa.<\/p><\/div><\/div><\/div><\/div><div class=\"gutentor-grid-column grid-lg-3 grid-md-3 grid-12\"><div class=\"gutentor-single-item gutentor-icon gutentor-single-item-3\"><div class=\"gutentor-single-item-wrap\"><div class=\"gutentor-single-item-icon-box\"><i class=\"fas fa-globe\"><\/i><\/div><div class=\"gutentor-single-item-content\"><h4 class=\"gutentor-single-item-title\"><strong>CERTIFICACIONES INTERNACIONALES<\/strong><\/h4><p class=\"gutentor-single-item-desc\">La formaci\u00f3n est\u00e1 orientada a la obtenci\u00f3n de certificaciones reconocidas internacionalmente, como las del Cisco, CompTia, Linux.<br><br><br><\/p><\/div><\/div><\/div><\/div><\/div><\/div><\/section>\n\n\n\n<section id=\"section-0545e894-3f88-4ddd-bd4d-13e4719f8b90\" class=\"wp-block-gutentor-about-block gutentor-section gutentor-about about-template1 has-image-bg has-custom-bg has-gutentor-overlay\"><div class=\"grid-container\"><div class=\"gutentor-grid-item-wrap wow animated slideInUp\" data-wow-animation=\"slideInUp\" data-wow-delay=\"0.5s\" data-wow-iteration=\"1\"><div class=\"gutentor-single-item\"><div class=\"grid-row\"><div class=\"grid-md-6 about-grid\"><div class=\"gutentor-single-item-image-box\"><div class=\"gutentor-image-thumb\"><img loading=\"lazy\" decoding=\"async\" class=\"normal-image\" src=\"\/wp-content\/uploads\/2021\/12\/Bg-Web-MuellesdeAlejandria-03.png\" alt=\"Muelle de Alejandr\u00eda - Academia Cisco\" height=\"1253\" width=\"1880\"\/><\/div><\/div><\/div><div class=\"grid-md-6 about-grid\"><div class=\"gutentor-single-item-content\"><div class=\"gutentor-about-content\"><h3 class=\"gutentor-single-item-title\"><\/h3><p class=\"gutentor-single-item-desc\"><font style=\"vertical-align: inherit;\"><font style=\"vertical-align: inherit;\">En\u00a0 <\/font><\/font><strong><font style=\"vertical-align: inherit;\"><font style=\"vertical-align: inherit;\">Muelles de Alejandr\u00eda<\/font><\/font><\/strong><font style=\"vertical-align: inherit;\"><font style=\"vertical-align: inherit;\"> \u00a0estamos orientados a la capacitaci\u00f3n de especialistas interesados en obtener certificaciones internacionales en Tecnolog\u00edas de Informaci\u00f3n, aval de conocimientos cada vez m\u00e1s demandado para los profesionales del sector. Los cursos utilizan modernas metodolog\u00edas de educaci\u00f3n asistida por computador (e-learning). <\/font><\/font><br><br><strong><font style=\"vertical-align: inherit;\"><font style=\"vertical-align: inherit;\">Muelles de Alejandr\u00eda\u00a0<\/font><\/font><\/strong><font style=\"vertical-align: inherit;\"><font style=\"vertical-align: inherit;\"> integra programas de reconocido prestigio e instructores certificados con amplia experiencia profesional. <\/font><\/font><br><br><strong><font style=\"vertical-align: inherit;\"><font style=\"vertical-align: inherit;\">Muelles de Alejandr\u00eda<\/font><\/font><\/strong><font style=\"vertical-align: inherit;\"><font style=\"vertical-align: inherit;\"> tiene m\u00e1s de veinte a\u00f1os impartiendo los programas de Cisco Networking Academy, tanto a nivel presencial como a distancia.<\/font><\/font><br><br><font style=\"vertical-align: inherit;\"><font style=\"vertical-align: inherit;\">As\u00ed mismo, provee formaci\u00f3n de calidad en otras \u00e1reas de Tecnolog\u00edas de Informaci\u00f3n as\u00ed como software libre (Sistema operativo, manejador de base de datos)<\/font><\/font><br><br><\/p><\/div><\/div><\/div><\/div><\/div><\/div><\/div><\/section>\n\n\n\n<section id=\"section-0d5f4b22-58c0-499f-9af9-3ddd33f62ce9\" class=\"wp-block-gutentor-image-box gutentor-section gutentor-image-wrapper imagebox-template1 has-color-bg has-custom-bg text-left\"><div class=\"grid-container\"><div class=\"gutentor-block-header\"><div class=\"gutentor-section-title text-center wow animated slideInDown\" data-wow-animation=\"slideInDown\" data-wow-delay=\"0.5s\" data-wow-iteration=\"1\"><h2 class=\"gutentor-title\">Nuestros Programas.<\/h2><\/div><\/div><div class=\"grid-row gutentor-grid-item-wrap wow animated slideInUp\" data-wow-animation=\"slideInUp\" data-wow-delay=\"0.5s\" data-wow-iteration=\"1\"><div class=\"gutentor-grid-column grid-lg-4 grid-md-4 grid-12\"><div class=\"gutentor-single-item gutentor-image gutentor-single-item-0\"><div class=\"gutentor-single-item-wrap\"><div class=\"gutentor-single-item-image-box\"><div class=\"gutentor-image-thumb\"><img loading=\"lazy\" decoding=\"async\" class=\"normal-image\" src=\"\/wp-content\/uploads\/2021\/12\/People-Cisco.png\" alt=\"Muelle de Alejandr\u00eda - Academia Cisco\" height=\"1253\" width=\"1880\"\/><div class=\"overlay\"><\/div><\/div><\/div><div class=\"gutentor-single-item-content\"><h4 class=\"gutentor-single-item-title\"><strong>Cisco Networking\u00a0<\/strong><br><strong>Academy<\/strong><\/h4><p class=\"gutentor-single-item-desc\">Gracias a las nuevas tecnolog\u00edas, las redes son cada vez m\u00e1s inteligentes, programables y basadas en software. Los cursos de <strong>Cisco Networking\u00a0Academy <\/strong>apoyan esta evoluci\u00f3n y exponen a los estudiantes a nuevos conceptos y experiencias pr\u00e1cticas. Lo mejor de todo es que los cursos est\u00e1n vinculados a las certificaciones CCNA, que se encuentran entre las que tienen mayor demanda en el sector, seg\u00fan IDC. Comience eligiendo un curso hoy mismo.<\/p><a class=\"gutentor-button gutentor-single-item-button gutentor-icon-hide\" href=\"\/index.php\/cisco-networking-academy\"><i class=\"gutentor-button-icon fas fa-book\"><\/i><span>Leer m\u00e1s<\/span><\/a><\/div><\/div><\/div><\/div><div class=\"gutentor-grid-column grid-lg-4 grid-md-4 grid-12\"><div class=\"gutentor-single-item gutentor-image gutentor-single-item-1\"><div class=\"gutentor-single-item-wrap\"><div class=\"gutentor-single-item-image-box\"><div class=\"gutentor-image-thumb\"><img loading=\"lazy\" decoding=\"async\" class=\"normal-image\" src=\"\/wp-content\/uploads\/2021\/12\/codigo_abierto.png\" alt=\"Muelle de Alejandr\u00eda - Academia Cisco\" height=\"1253\" width=\"1880\"\/><div class=\"overlay\"><\/div><\/div><\/div><div class=\"gutentor-single-item-content\"><h4 class=\"gutentor-single-item-title\"><strong>Academia Software Libre<\/strong><\/h4><p class=\"gutentor-single-item-desc\">A trav\u00e9s de la Academia Software Libre, se imparte capacitaci\u00f3n en sistemas operativos y manejadores de bases de datos de c\u00f3digo abierto.<br><br>Administraci\u00f3n al Sistema Operativo Linux, que incluye los principales conceptos, comandos y programas de utilidad. Administraci\u00f3n PostgreSQL, considerado como el sistema de bases de datos de c\u00f3digo abierto m\u00e1s avanzado en la actualidad.<br><br>Es la puerta de entrada para el aprovechamiento de tecnolog\u00edas disponibles, utilizando aplicaciones ya desarrolladas por la comunidad y adaptarlas a las necesidades propias, lo que reduce\u00a0la duplicaci\u00f3n de esfuerzos en tareas ya resueltas por otros inform\u00e1ticos.<\/p><a class=\"gutentor-button gutentor-single-item-button gutentor-icon-hide\" href=\"\/index.php\/academia-software-libre\"><i class=\"gutentor-button-icon fas fa-book\"><\/i><span> Leer m\u00e1s<\/span><\/a><\/div><\/div><\/div><\/div><div class=\"gutentor-grid-column grid-lg-4 grid-md-4 grid-12\"><div class=\"gutentor-single-item gutentor-image gutentor-single-item-2\"><div class=\"gutentor-single-item-wrap\"><div class=\"gutentor-single-item-image-box\"><div class=\"gutentor-image-thumb\"><img loading=\"lazy\" decoding=\"async\" class=\"normal-image\" src=\"\/wp-content\/uploads\/2021\/12\/seguridad.png\" alt=\"Muelle de Alejandr\u00eda - Academia Cisco\" height=\"1253\" width=\"1880\"\/><div class=\"overlay\"><\/div><\/div><\/div><div class=\"gutentor-single-item-content\"><h4 class=\"gutentor-single-item-title\"><strong>Formaci\u00f3n en Tecnolog\u00edas de Informaci\u00f3n<\/strong><\/h4><p class=\"gutentor-single-item-desc\">El Instituto Muelles de Alejandr\u00eda ha incorporado cursos introductorios y especializados en Tecnolog\u00edas de Informaci\u00f3n en \u00e1reas como programaci\u00f3n, seguridad, dise\u00f1o de redes.<\/p><a class=\"gutentor-button gutentor-single-item-button gutentor-icon-hide\" href=\"\/index.php\/formacion-tecnologias-de-informacion\"><i class=\"gutentor-button-icon fas fa-book\"><\/i><span> Leer m\u00e1s<\/span><\/a><\/div><\/div><\/div><\/div><\/div><\/div><\/section>\n\n\n\n<section id=\"section-07a39d61-3da1-4c4e-837d-e8d102a1382d\" class=\"wp-block-gutentor-restaurant-menu gutentor-section gutentor-restaurant-menu restaurant-menu-template1 has-gutentor-overlay\"><div class=\"grid-container\"><div class=\"gutentor-block-header\"><div class=\"gutentor-section-title text-center wow animated slideInDown\" data-wow-animation=\"slideInDown\" data-wow-delay=\"0.5s\" data-wow-iteration=\"1\"><h2 class=\"gutentor-title\"> Cursos Populares<\/h2><\/div><\/div><div class=\"grid-row gutentor-grid-item-wrap wow animated slideInUp\" data-wow-animation=\"slideInUp\" data-wow-delay=\"0.5s\" data-wow-iteration=\"1\"><div class=\"gutentor-grid-column grid-lg-3 grid-md-6 grid-12\"><div class=\"gutentor-single-item gutentor-single-item-0\"><div class=\"gutentor-single-item-content\"><div class=\"gutentor-single-item-image-box\"><div class=\"gutentor-image-thumb\"><img loading=\"lazy\" decoding=\"async\" class=\"normal-image\" src=\"\/wp-content\/uploads\/2021\/12\/cisco-001.png\" alt=\"Muelle de Alejandr\u00eda - Academia Cisco\" height=\"1280\" width=\"1920\"\/><\/div><div class=\"gutentor-restaurant-menu-price-box price-box-right-bottom\"><div class=\"gutentor-restaurant-menu-price\"><span class=\"gutentor-restaurant-menu-price-amount\"><span class=\"gutentor-restaurant-menu-price-unit\">$<\/span>00<\/span><\/div><\/div><\/div><div class=\"gutentor-restaurant-menu-content\"><div class=\"gutentor-restaurant-menu-wrap\"><h4 class=\"gutentor-single-item-title\">CCNA: Cisco Certified Network Associate<br>(Versi\u00f3n 7.02)<\/h4><\/div><\/div><div class=\"gutentor-single-item-desc\"><p class=\"gutentor-single-item-desc\">El programa consta de tres m\u00f3dulos:<br>&#8211; Introduction to Networking (ITN)<br>&#8211; Switching, Routing, and Wireless Essentials (SRWE)<br>&#8211; Enterprise Networking, Security, and Automation (ENSA)<br><\/p><\/div><a class=\"gutentor-button gutentor-single-item-button gutentor-icon-after 14\" href=\"\/index.php\/cisco-networking-academy\/ccna-cisco-certified-network-associate\/\"><i class=\"gutentor-button-icon fas fa-chevron-right\"><\/i><span>M\u00e1s informaci\u00f3n <\/span><\/a><\/div><\/div><\/div><div class=\"gutentor-grid-column grid-lg-3 grid-md-6 grid-12\"><div class=\"gutentor-single-item gutentor-single-item-1\"><div class=\"gutentor-single-item-content\"><div class=\"gutentor-single-item-image-box\"><div class=\"gutentor-image-thumb\"><img loading=\"lazy\" decoding=\"async\" class=\"normal-image\" src=\"\/wp-content\/uploads\/2021\/12\/cisco-002.png\" alt=\"Muelle de Alejandr\u00eda - Academia Cisco\" height=\"1280\" width=\"1920\"\/><\/div><div class=\"gutentor-restaurant-menu-price-box price-box-right-bottom\"><div class=\"gutentor-restaurant-menu-price\"><span class=\"gutentor-restaurant-menu-price-amount\"><span class=\"gutentor-restaurant-menu-price-unit\">$<\/span>00<\/span><\/div><\/div><\/div><div class=\"gutentor-restaurant-menu-content\"><div class=\"gutentor-restaurant-menu-wrap\"><h4 class=\"gutentor-single-item-title\">CCNP: Certified Network Professional<br>(Versi\u00f3n 8.02)<\/h4><\/div><\/div><div class=\"gutentor-single-item-desc\"><p class=\"gutentor-single-item-desc\">El programa consta de dos m\u00f3dulos:<br>&#8211; CCNP Enterprise: Core Networking<br>&#8211; CCNP Enterprise: Advanced Routing<\/p><\/div><a class=\"gutentor-button gutentor-single-item-button gutentor-icon-after 14\" href=\"\/index.php\/cisco-networking-academy\/ccnp-cisco-certified-network-professional\/\"><i class=\"gutentor-button-icon fas fa-angle-right\"><\/i><span>Mas informaci\u00f3n <\/span><\/a><\/div><\/div><\/div><div class=\"gutentor-grid-column grid-lg-3 grid-md-6 grid-12\"><div class=\"gutentor-single-item gutentor-single-item-2\"><div class=\"gutentor-single-item-content\"><div class=\"gutentor-single-item-image-box\"><div class=\"gutentor-image-thumb\"><img loading=\"lazy\" decoding=\"async\" class=\"normal-image\" src=\"\/wp-content\/uploads\/2021\/12\/Linux-001.png\" alt=\"Muelle de Alejandr\u00eda - Academia Cisco\" height=\"1280\" width=\"1920\"\/><\/div><div class=\"gutentor-restaurant-menu-price-box price-box-right-bottom\"><div class=\"gutentor-restaurant-menu-price\"><span class=\"gutentor-restaurant-menu-price-amount\"><span class=\"gutentor-restaurant-menu-price-unit\">$<\/span>00<\/span><\/div><\/div><\/div><div class=\"gutentor-restaurant-menu-content\"><div class=\"gutentor-restaurant-menu-wrap\"><h4 class=\"gutentor-single-item-title\"><strong>Administraci\u00f3n de Linux<\/strong><\/h4><\/div><\/div><div class=\"gutentor-single-item-desc\"><p class=\"gutentor-single-item-desc\">El curso es una introducci\u00f3n al Sistema Operativo Linux que incluye los principales conceptos, comandos y programas de utilidad. El curso tiene una orientaci\u00f3n pr\u00e1ctica y consta de numerosos ejercicios para afianzar el aprendizaje.  <\/p><\/div><a class=\"gutentor-button gutentor-single-item-button gutentor-icon-after 14\" href=\"\/index.php\/formacion-tecnologias-de-informacion\/administracion-linux\/\"><i class=\"gutentor-button-icon fas fa-angle-right\"><\/i><span>M\u00e1s informaci\u00f3n <\/span><\/a><\/div><\/div><\/div><div class=\"gutentor-grid-column grid-lg-3 grid-md-6 grid-12\"><div class=\"gutentor-single-item gutentor-single-item-3\"><div class=\"gutentor-single-item-content\"><div class=\"gutentor-single-item-image-box\"><div class=\"gutentor-image-thumb\"><img loading=\"lazy\" decoding=\"async\" class=\"normal-image\" src=\"\/wp-content\/uploads\/2021\/12\/Sql-001.png\" alt=\"Muelle de Alejandr\u00eda - Academia Cisco\" height=\"1280\" width=\"1920\"\/><\/div><div class=\"gutentor-restaurant-menu-price-box price-box-right-bottom\"><div class=\"gutentor-restaurant-menu-price\"><span class=\"gutentor-restaurant-menu-price-amount\"><span class=\"gutentor-restaurant-menu-price-unit\">$<\/span>00<\/span><\/div><\/div><\/div><div class=\"gutentor-restaurant-menu-content\"><div class=\"gutentor-restaurant-menu-wrap\"><h4 class=\"gutentor-single-item-title\"><strong>Administraci\u00f3n B\u00e1sica de PostgreSQL<\/strong><\/h4><\/div><\/div><div class=\"gutentor-single-item-desc\"><p class=\"gutentor-single-item-desc\">Curso introductorio sobre una de las alternativas m\u00e1s adecuadas para peque\u00f1as y medianas empresas, la cual\u00a0 puede operar en m\u00faltiples plataformas, tales como Unix, Linux y la familia Windows.\u00a0Su arquitectura brinda robustez, seguridad y rapidez.<\/p><\/div><a class=\"gutentor-button gutentor-single-item-button gutentor-icon-after 14\" href=\"\/index.php\/formacion-tecnologias-de-informacion\/administracion-basica-de-postgresql\/\"><i class=\"gutentor-button-icon fas fa-angle-right\"><\/i><span>Mas informaci\u00f3n <\/span><\/a><\/div><\/div><\/div><\/div><\/div><\/section>\n\n\n\n<section id=\"section-bf585d36-ce05-42d8-b117-158d05a719d2\" class=\"wp-block-gutentor-image-box gutentor-section gutentor-image-wrapper imagebox-template1 has-gutentor-overlay text-left\"><div class=\"grid-container\"><div class=\"grid-row gutentor-grid-item-wrap wow animated fadeIn\" data-wow-animation=\"fadeIn\" data-wow-delay=\"0.5s\"><div class=\"gutentor-grid-column grid-lg-2 grid-md-2m3 grid-6\"><div class=\"gutentor-single-item gutentor-image gutentor-single-item-0\"><div class=\"gutentor-single-item-wrap\"><div class=\"gutentor-single-item-image-box\"><div class=\"gutentor-image-thumb\"><img loading=\"lazy\" decoding=\"async\" class=\"normal-image\" src=\"\/wp-content\/uploads\/2021\/11\/Alejandria.png\" alt=\"Alejandr\u00eda \" height=\"140\" width=\"132\"\/><div class=\"overlay\"><\/div><\/div><\/div><div class=\"gutentor-single-item-content\"><\/div><\/div><\/div><\/div><div class=\"gutentor-grid-column grid-lg-2 grid-md-2m3 grid-6\"><div class=\"gutentor-single-item gutentor-image gutentor-single-item-1\"><div class=\"gutentor-single-item-wrap\"><div class=\"gutentor-single-item-image-box\"><div class=\"gutentor-image-thumb\"><img loading=\"lazy\" decoding=\"async\" class=\"normal-image\" src=\"\/wp-content\/uploads\/2021\/11\/Cisco.png\" alt=\"Academia Cisco\" height=\"140\" width=\"132\"\/><div class=\"overlay\"><\/div><\/div><\/div><div class=\"gutentor-single-item-content\"><\/div><\/div><\/div><\/div><div class=\"gutentor-grid-column grid-lg-2 grid-md-2m3 grid-6\"><div class=\"gutentor-single-item gutentor-image gutentor-single-item-2\"><div class=\"gutentor-single-item-wrap\"><div class=\"gutentor-single-item-image-box\"><div class=\"gutentor-image-thumb\"><img loading=\"lazy\" decoding=\"async\" class=\"normal-image\" src=\"\/wp-content\/uploads\/2021\/11\/Linux.png\" alt=\"Linux\" height=\"140\" width=\"132\"\/><div class=\"overlay\"><\/div><\/div><\/div><div class=\"gutentor-single-item-content\"><\/div><\/div><\/div><\/div><div class=\"gutentor-grid-column grid-lg-2 grid-md-2m3 grid-6\"><div class=\"gutentor-single-item gutentor-image gutentor-single-item-3\"><div class=\"gutentor-single-item-wrap\"><div class=\"gutentor-single-item-image-box\"><div class=\"gutentor-image-thumb\"><img loading=\"lazy\" decoding=\"async\" class=\"normal-image\" src=\"\/wp-content\/uploads\/2021\/11\/PostGreSQL.png\" alt=\"PostGreSQL\" height=\"140\" width=\"132\"\/><div class=\"overlay\"><\/div><\/div><\/div><div class=\"gutentor-single-item-content\"><\/div><\/div><\/div><\/div><div class=\"gutentor-grid-column grid-lg-2 grid-md-2m3 grid-6\"><div class=\"gutentor-single-item gutentor-image gutentor-single-item-4\"><div class=\"gutentor-single-item-wrap\"><div class=\"gutentor-single-item-image-box\"><div class=\"gutentor-image-thumb\"><img loading=\"lazy\" decoding=\"async\" class=\"normal-image\" src=\"\/wp-content\/uploads\/2021\/11\/Estamos_al_dia.png\" alt=\"Estamos al d\u00eda\" height=\"140\" width=\"132\"\/><div class=\"overlay\"><\/div><\/div><\/div><div class=\"gutentor-single-item-content\"><\/div><\/div><\/div><\/div><div class=\"gutentor-grid-column grid-lg-2 grid-md-2m3 grid-6\"><div class=\"gutentor-single-item gutentor-image gutentor-single-item-5\"><div class=\"gutentor-single-item-wrap\"><div class=\"gutentor-single-item-image-box\"><div class=\"gutentor-image-thumb\"><img loading=\"lazy\" decoding=\"async\" class=\"normal-image\" src=\"\/wp-content\/uploads\/2021\/12\/Uriola.png\" alt=\" Web designer\" height=\"140\" width=\"132\"\/><div class=\"overlay\"><\/div><\/div><\/div><div class=\"gutentor-single-item-content\"><\/div><\/div><\/div><\/div><\/div><\/div><\/section>\n\n\n","protected":false},"excerpt":{"rendered":"","protected":false},"author":2,"featured_media":0,"parent":0,"menu_order":0,"comment_status":"closed","ping_status":"closed","template":"template-gutentor-full-width.php","meta":{"footnotes":""},"class_list":["post-48","page","type-page","status-publish","hentry"],"_links":{"self":[{"href":"https:\/\/muellesdealejandria.biz\/index.php\/wp-json\/wp\/v2\/pages\/48","targetHints":{"allow":["GET"]}}],"collection":[{"href":"https:\/\/muellesdealejandria.biz\/index.php\/wp-json\/wp\/v2\/pages"}],"about":[{"href":"https:\/\/muellesdealejandria.biz\/index.php\/wp-json\/wp\/v2\/types\/page"}],"author":[{"embeddable":true,"href":"https:\/\/muellesdealejandria.biz\/index.php\/wp-json\/wp\/v2\/users\/2"}],"replies":[{"embeddable":true,"href":"https:\/\/muellesdealejandria.biz\/index.php\/wp-json\/wp\/v2\/comments?post=48"}],"version-history":[{"count":272,"href":"https:\/\/muellesdealejandria.biz\/index.php\/wp-json\/wp\/v2\/pages\/48\/revisions"}],"predecessor-version":[{"id":5149,"href":"https:\/\/muellesdealejandria.biz\/index.php\/wp-json\/wp\/v2\/pages\/48\/revisions\/5149"}],"wp:attachment":[{"href":"https:\/\/muellesdealejandria.biz\/index.php\/wp-json\/wp\/v2\/media?parent=48"}],"curies":[{"name":"wp","href":"https:\/\/api.w.org\/{rel}","templated":true}]}}