{"id":4033,"date":"2024-05-30T12:22:13","date_gmt":"2024-05-30T16:22:13","guid":{"rendered":"https:\/\/muellesdealejandria.biz\/?page_id=4033"},"modified":"2024-06-06T16:16:20","modified_gmt":"2024-06-06T20:16:20","slug":"intensivo-para-la-preparacion-al-examen-de-certificacion-ccna-200-301","status":"publish","type":"page","link":"https:\/\/muellesdealejandria.biz\/index.php\/cisco-networking-academy\/intensivo-para-la-preparacion-al-examen-de-certificacion-ccna-200-301\/","title":{"rendered":"Intensivo para la preparaci\u00f3n al examen de Certificaci\u00f3n CCNA 200-301"},"content":{"rendered":"\n<section id=\"gm0d2466b\" class=\"wp-block-gutentor-m4 section-gm0d2466b gutentor-module gutentor-advanced-columns\"><div class=\"grid-container\"><div class=\"grid-row\">\n<div id=\"col-gm900729\" class=\"wp-block-gutentor-m4-col col-gm900729 gutentor-single-column  grid-lg-9 grid-md-12 grid-12\"><div id=\"section-gm900729\" class=\"section-gm900729 gutentor-col-wrap\">\n<section id=\"gm0e1ebb6\" class=\"wp-block-gutentor-m4 section-gm0e1ebb6 gutentor-module gutentor-advanced-columns\"><div class=\"grid-container\"><div class=\"grid-row\">\n<div id=\"col-gm499c42\" class=\"wp-block-gutentor-m4-col col-gm499c42 gutentor-single-column  grid-lg-12 grid-md-12 grid-12\"><div id=\"section-gm499c42\" class=\"section-gm499c42 gutentor-col-wrap\">\n<div id=\"section-geeeec3\" class=\"wp-block-gutentor-e1 section-geeeec3 gutentor-element gutentor-element-advanced-text\"><div class=\"gutentor-text-wrap\"><p class=\"gutentor-text\"><br><strong>DURACI\u00d3N<\/strong>:<br><br>El curso intensivo tiene una duraci\u00f3n de treinta (30) horas acad\u00e9micas<br><br>Nuestro programa intensivo te permite adquirir los conocimientos y habilidades necesarios para aprobar el examen CCNA 200-301 en el menor tiempo posible. En tan solo seis (06) semanas, estar\u00e1s listo para enfrentar este desaf\u00edo con total seguridad.<br><br><strong>Fundamentos te\u00f3ricos s\u00f3lidos<\/strong>: <br><br>Dominar\u00e1s los conceptos esenciales de las redes Cisco, incluyendo el modelo OSI, TCP\/IP, routing, switching, seguridad y mucho m\u00e1s. <br><br><strong>Experiencia pr\u00e1ctica invaluable<\/strong>: <br><br>La teor\u00eda se complementa con horas de laboratorios pr\u00e1cticos, donde pondr\u00e1s en pr\u00e1ctica los conocimientos adquiridos en escenarios reales. Esta experiencia te permitir\u00e1 desarrollar las habilidades t\u00e9cnicas y la confianza necesarias para desenvolverte con \u00e9xito en el campo laboral.<br><br><strong>Preparaci\u00f3n para el \u00e9xito<\/strong>: <br><br>Te proporcionaremos informaci\u00f3n sobre el formato y el tipo de preguntas del examen CCNA 200-301. Adem\u00e1s, te brindaremos estrategias de estudio efectivas y consejos para optimizar tu rendimiento en el examen.<br><br><br><br><\/p><\/div><\/div>\n\n\n\n<section id=\"section-be72e4a8-7053-428b-bf1f-a4c53c77c842\" class=\"wp-block-gutentor-divider section-be72e4a8-7053-428b-bf1f-a4c53c77c842 gutentor-element gutentor-section gutentor-divider text-center\"><div class=\"grid-container\"><div class=\"gutentor-divider-box\"><span><svg xmlns=\"http:\/\/www.w3.org\/2000\/svg\" viewBox=\"0 0 240 40\" preserveAspectRatio=\"none\"><path d=\"M56.2 20c5.3-.1 10.6-.2 16-.3l16-.2c10.6-.1 21.3-.1 31.9-.2 10.6.1 21.3 0 31.9.1l16 .2c5.3.1 10.6.2 16 .3-5.3.1-10.6.2-16 .3l-16 .2c-10.6.1-21.3.1-31.9.1-10.6-.1-21.3 0-31.9-.2l-16-.2c-5.4.1-10.7 0-16-.1z\"><\/path><\/svg><\/span><\/div><\/div><\/section>\n\n\n\n<section id=\"gma1062bc\" class=\"wp-block-gutentor-m4 section-gma1062bc gutentor-module gutentor-advanced-columns has-color-bg has-custom-bg\"><div class=\"grid-container\"><div class=\"grid-row\">\n<div id=\"col-gm8d7790\" class=\"wp-block-gutentor-m4-col col-gm8d7790 gutentor-single-column  grid-lg-12 grid-md-12 grid-12\"><div id=\"section-gm8d7790\" class=\"section-gm8d7790 gutentor-col-wrap\">\n<div id=\"section-gc5f12c\" class=\"wp-block-gutentor-e1 section-gc5f12c gutentor-element gutentor-element-advanced-text\"><div class=\"gutentor-text-wrap\"><p class=\"gutentor-text\"><strong>Al finalizar el curso, el estudiante estar\u00e1 preparado en menos tiempo, y con alta probabilidad para aprobar el Examen de Certificaci\u00f3n Cisco\u00ae Certified Network Associate \u2013 (CCNA 200-301)<\/strong>.<\/p><\/div><\/div>\n<\/div><\/div>\n<\/div><\/div><\/section>\n\n\n\n<section id=\"section-41c2e444-cf30-4592-bcf9-ebdc73f729b2\" class=\"wp-block-gutentor-divider section-41c2e444-cf30-4592-bcf9-ebdc73f729b2 gutentor-element gutentor-section gutentor-divider text-center\"><div class=\"grid-container\"><div class=\"gutentor-divider-box\"><span><svg xmlns=\"http:\/\/www.w3.org\/2000\/svg\" viewBox=\"0 0 240 40\" preserveAspectRatio=\"none\"><path d=\"M56.2 20c5.3-.1 10.6-.2 16-.3l16-.2c10.6-.1 21.3-.1 31.9-.2 10.6.1 21.3 0 31.9.1l16 .2c5.3.1 10.6.2 16 .3-5.3.1-10.6.2-16 .3l-16 .2c-10.6.1-21.3.1-31.9.1-10.6-.1-21.3 0-31.9-.2l-16-.2c-5.4.1-10.7 0-16-.1z\"><\/path><\/svg><\/span><\/div><\/div><\/section>\n<\/div><\/div>\n<\/div><\/div><\/section>\n<\/div><\/div>\n\n\n\n<div id=\"col-gm61783e\" class=\"wp-block-gutentor-m4-col col-gm61783e gutentor-single-column  grid-lg-3 grid-md-12 grid-12\"><div id=\"section-gm61783e\" class=\"section-gm61783e gutentor-col-wrap\">\n<hr class=\"wp-block-separator has-text-color has-luminous-vivid-amber-color has-css-opacity has-luminous-vivid-amber-background-color has-background is-style-wide\"\/>\n\n\n\n<div id=\"section-g7431df\" class=\"wp-block-gutentor-e1 section-g7431df gutentor-element gutentor-element-advanced-text\"><div class=\"gutentor-text-wrap\"><p class=\"gutentor-text\"><strong>Dirigido a:<\/strong><br><br>Personas que hayan realizado el Curso completo de Especializaci\u00f3n de Redes CCNA y que desean certificarse.<br><br>Profesionales con gran experiencia trabajando en el \u00e1rea de Redes que desean avalarla con la Certificaci\u00f3n Internacional CCNA.\u00ae<\/p><\/div><\/div>\n\n\n\n<hr class=\"wp-block-separator has-text-color has-luminous-vivid-amber-color has-css-opacity has-luminous-vivid-amber-background-color has-background is-style-wide\"\/>\n\n\n\n<div class=\"wp-block-cover alignfull is-light has-custom-content-position is-position-bottom-center wp-duotone-midnight\" style=\"margin-top:0;padding-top:48px;padding-right:48px;padding-bottom:48px;padding-left:48px;min-height:251px;aspect-ratio:unset;\"><span aria-hidden=\"true\" class=\"wp-block-cover__background has-background-dim-30 has-background-dim\"><\/span><img loading=\"lazy\" decoding=\"async\" width=\"1253\" height=\"1880\" class=\"wp-block-cover__image-background wp-image-2371\" alt=\"BackGround Cisco\" src=\"http:\/\/muellesdealejandria.biz\/wp-content\/uploads\/2023\/10\/Background-Cisco-VERTICAL02.png\" data-object-fit=\"cover\" srcset=\"https:\/\/muellesdealejandria.biz\/wp-content\/uploads\/2023\/10\/Background-Cisco-VERTICAL02.png 1253w, https:\/\/muellesdealejandria.biz\/wp-content\/uploads\/2023\/10\/Background-Cisco-VERTICAL02-200x300.png 200w, https:\/\/muellesdealejandria.biz\/wp-content\/uploads\/2023\/10\/Background-Cisco-VERTICAL02-682x1024.png 682w, https:\/\/muellesdealejandria.biz\/wp-content\/uploads\/2023\/10\/Background-Cisco-VERTICAL02-768x1152.png 768w, https:\/\/muellesdealejandria.biz\/wp-content\/uploads\/2023\/10\/Background-Cisco-VERTICAL02-1024x1536.png 1024w\" sizes=\"auto, (max-width: 1253px) 100vw, 1253px\" \/><div class=\"wp-block-cover__inner-container is-layout-flow wp-block-cover-is-layout-flow\">\n<div class=\"wp-block-buttons is-content-justification-center is-nowrap is-layout-flex wp-container-core-buttons-is-layout-12a27398 wp-block-buttons-is-layout-flex\">\n<div class=\"wp-block-button has-custom-font-size is-style-outline is-style-outline--1\" style=\"font-size:16px;font-style:normal;font-weight:600;letter-spacing:0px;text-transform:uppercase\"><a class=\"wp-block-button__link has-white-color has-text-color wp-element-button\" href=\"http:\/\/muellesdealejandria.biz\/index.php\/horarios-y-fechas\/#Course_1.0\" style=\"padding-top:24px;padding-right:48px;padding-bottom:24px;padding-left:48px\">Vea Nuestro<br>Horarios<\/a><\/div>\n<\/div>\n<\/div><\/div>\n\n\n\n<hr class=\"wp-block-separator has-text-color has-luminous-vivid-amber-color has-css-opacity has-luminous-vivid-amber-background-color has-background is-style-wide\"\/>\n\n\n\n<div class=\"wp-block-cover alignfull is-light wp-duotone-unset-3\" style=\"margin-top:0;padding-top:48px;padding-right:48px;padding-bottom:48px;padding-left:48px;min-height:400px;aspect-ratio:unset;\"><span aria-hidden=\"true\" class=\"wp-block-cover__background has-background-dim-30 has-background-dim\"><\/span><img loading=\"lazy\" decoding=\"async\" width=\"1253\" height=\"1880\" class=\"wp-block-cover__image-background wp-image-1617\" alt=\"\" src=\"http:\/\/muellesdealejandria.biz\/wp-content\/uploads\/2021\/12\/pexels-photo-1462630-1-VERTICAL1.png\" data-object-fit=\"cover\" srcset=\"https:\/\/muellesdealejandria.biz\/wp-content\/uploads\/2021\/12\/pexels-photo-1462630-1-VERTICAL1.png 1253w, https:\/\/muellesdealejandria.biz\/wp-content\/uploads\/2021\/12\/pexels-photo-1462630-1-VERTICAL1-200x300.png 200w, https:\/\/muellesdealejandria.biz\/wp-content\/uploads\/2021\/12\/pexels-photo-1462630-1-VERTICAL1-682x1024.png 682w, https:\/\/muellesdealejandria.biz\/wp-content\/uploads\/2021\/12\/pexels-photo-1462630-1-VERTICAL1-768x1152.png 768w, https:\/\/muellesdealejandria.biz\/wp-content\/uploads\/2021\/12\/pexels-photo-1462630-1-VERTICAL1-1024x1536.png 1024w\" sizes=\"auto, (max-width: 1253px) 100vw, 1253px\" \/><div class=\"wp-block-cover__inner-container is-layout-flow wp-block-cover-is-layout-flow\">\n<div class=\"wp-block-group is-layout-constrained wp-container-core-group-is-layout-4582f6a7 wp-block-group-is-layout-constrained\">\n<h2 class=\"wp-block-heading has-text-align-center has-white-color has-text-color\" style=\"font-size:10px;font-style:normal;font-weight:100;letter-spacing:0px;line-height:1;text-transform:uppercase\">.<\/h2>\n<\/div>\n\n\n\n<div style=\"height:100px\" aria-hidden=\"true\" class=\"wp-block-spacer\"><\/div>\n\n\n\n<div class=\"wp-block-buttons is-content-justification-center is-nowrap is-layout-flex wp-container-core-buttons-is-layout-12a27398 wp-block-buttons-is-layout-flex\">\n<div class=\"wp-block-button has-custom-font-size is-style-outline is-style-outline--2\" style=\"font-size:16px;font-style:normal;font-weight:600;letter-spacing:0px;text-transform:uppercase\"><a class=\"wp-block-button__link has-white-color has-text-color wp-element-button\" href=\"http:\/\/muellesdealejandria.biz\/index.php\/inscripciones\/\" style=\"background: rgba(245, 154, 20, 0.7);font-size:16px; padding-top:14px;padding-right:18px;padding-bottom:14px;padding-left:18px\">Acelere su progreso profesional con Nosotros<br><br><br>Registrate<br>Aqu\u00ed<\/a><\/div>\n<\/div>\n<\/div><\/div>\n\n\n\n<hr class=\"wp-block-separator has-text-color has-luminous-vivid-amber-color has-css-opacity has-luminous-vivid-amber-background-color has-background is-style-wide\"\/>\n<\/div><\/div>\n<\/div><\/div><\/section>\n\n\n\n<hr class=\"wp-block-separator has-css-opacity is-style-wide\"\/>\n\n\n\n<p class=\"has-text-align-center\"><strong>Estructura de Contenidos<\/strong><\/p>\n\n\n\n<hr class=\"wp-block-separator has-alpha-channel-opacity\"\/>\n\n\n\n<section id=\"gmad62ec0\" class=\"wp-block-gutentor-m4 section-gmad62ec0 gutentor-module gutentor-advanced-columns has-color-bg has-custom-bg\"><div class=\"grid-container\"><div class=\"grid-row\">\n<div id=\"col-gmff830d\" class=\"wp-block-gutentor-m4-col col-gmff830d gutentor-single-column  grid-lg-6 grid-md-12 grid-12\"><div id=\"section-gmff830d\" class=\"section-gmff830d gutentor-col-wrap\">\n<p><strong>Clase 1: Introducci\u00f3n a las redes y modelos OSI\/TCP-IP<\/strong><\/p>\n\n\n\n<p>Conceptos b\u00e1sicos de redes.<\/p>\n\n\n\n<ul class=\"wp-block-list\">\n<li>Modelos OSI y TCP\/IP.<\/li>\n\n\n\n<li>Funcionamiento de Ethernet.<\/li>\n\n\n\n<li>Funcionamiento de Routers y switches.<\/li>\n\n\n\n<li>Configuraci\u00f3n b\u00e1sica de equipos de networking.<\/li>\n<\/ul>\n\n\n\n<p><strong>Clase 2<\/strong>: <strong>Direcciones IP y Subnetting<\/strong><\/p>\n\n\n\n<ul class=\"wp-block-list\">\n<li>Direcciones IP y m\u00e1scaras de subred.<\/li>\n\n\n\n<li>Subnetting IPv4 e IPv6.<\/li>\n\n\n\n<li>VLSM y Summarization<\/li>\n<\/ul>\n\n\n\n<p><\/p>\n\n\n\n<p><\/p>\n<\/div><\/div>\n\n\n\n<div id=\"col-gmd75bb6\" class=\"wp-block-gutentor-m4-col col-gmd75bb6 gutentor-single-column  grid-lg-6 grid-md-12 grid-12\"><div id=\"section-gmd75bb6\" class=\"section-gmd75bb6 gutentor-col-wrap\">\n<p><strong>Clase 5: Enrutamiento din\u00e1mico OSPF<\/strong><\/p>\n\n\n\n<ul class=\"wp-block-list\">\n<li>Fundamentos de OSPFv2.<\/li>\n\n\n\n<li>Configuraci\u00f3n y soluci\u00f3n de problemas con OSPF.<\/li>\n<\/ul>\n\n\n\n<p><strong>Clase 6: Servicios IP<\/strong><\/p>\n\n\n\n<ul class=\"wp-block-list\">\n<li>Configuraci\u00f3n y soluci\u00f3n de problemas de DHCPv4 y DHCPv6.<\/li>\n\n\n\n<li>DNS, SNMP, HSRP, NTP<\/li>\n<\/ul>\n<\/div><\/div>\n<\/div><\/div><\/section>\n\n\n\n<hr class=\"wp-block-separator has-css-opacity is-style-wide\"\/>\n\n\n\n<section id=\"gmf04681c\" class=\"wp-block-gutentor-m4 section-gmf04681c gutentor-module gutentor-advanced-columns has-color-bg has-custom-bg\"><div class=\"grid-container\"><div class=\"grid-row\">\n<div id=\"col-gm581960\" class=\"wp-block-gutentor-m4-col col-gm581960 gutentor-single-column  grid-lg-6 grid-md-12 grid-12\"><div id=\"section-gm581960\" class=\"section-gm581960 gutentor-col-wrap\">\n<p><strong>Clase 3: Switching y VLANs<\/strong><\/p>\n\n\n\n<ul class=\"wp-block-list\">\n<li>Configuraci\u00f3n y soluci\u00f3n de problemas de VLANs.<\/li>\n\n\n\n<li>Configuraci\u00f3n y soluci\u00f3n de problemas de trunks.<\/li>\n\n\n\n<li>STP, RSTP.<\/li>\n<\/ul>\n\n\n\n<p><strong>Clase 4: Enrutamiento&nbsp; Est\u00e1tico para IPv4 e IPv6<\/strong><\/p>\n\n\n\n<ul class=\"wp-block-list\">\n<li>Conceptos b\u00e1sicos de enrutamiento.<\/li>\n\n\n\n<li>Configuraci\u00f3n de enrutamiento con IPv4 e IPv6.<\/li>\n\n\n\n<li>Configuraci\u00f3n y soluci\u00f3n de problemas de enrutamiento est\u00e1tico.<\/li>\n<\/ul>\n<\/div><\/div>\n\n\n\n<div id=\"col-gmcc3c07\" class=\"wp-block-gutentor-m4-col col-gmcc3c07 gutentor-single-column  grid-lg-6 grid-md-12 grid-12\"><div id=\"section-gmcc3c07\" class=\"section-gmcc3c07 gutentor-col-wrap\">\n<p><strong>Clase 7: Seguridad en Redes<\/strong><strong><\/strong><\/p>\n\n\n\n<ul class=\"wp-block-list\">\n<li>Conceptos b\u00e1sicos de seguridad de redes.<\/li>\n\n\n\n<li>Configuraci\u00f3n de Port Security<\/li>\n\n\n\n<li>Configuraci\u00f3n de DHCP Snooping y DIA.<\/li>\n<\/ul>\n\n\n\n<p><strong>Clase 8: NAT\/PAT y ACLs<\/strong><strong><\/strong><\/p>\n\n\n\n<ul class=\"wp-block-list\">\n<li>Listas de Control de Acceso.<\/li>\n\n\n\n<li>Configuraci\u00f3n de listas de acceso est\u00e1ndar y extendidas.<\/li>\n\n\n\n<li>Configuraci\u00f3n de NAT Est\u00e1tico, Din\u00e1mico y PAT.<\/li>\n<\/ul>\n<\/div><\/div>\n<\/div><\/div><\/section>\n\n\n\n<hr class=\"wp-block-separator has-css-opacity is-style-wide\"\/>\n\n\n\n<section id=\"gm43306a5\" class=\"wp-block-gutentor-m4 section-gm43306a5 gutentor-module gutentor-advanced-columns has-color-bg has-custom-bg\"><div class=\"grid-container\"><div class=\"grid-row\">\n<div id=\"col-gm98ac9d\" class=\"wp-block-gutentor-m4-col col-gm98ac9d gutentor-single-column  grid-lg-6 grid-md-12 grid-12\"><div id=\"section-gm98ac9d\" class=\"section-gm98ac9d gutentor-col-wrap\">\n<p><strong>Clase 9: Automatizaci\u00f3n y Programabilidad<\/strong><\/p>\n\n\n\n<ul class=\"wp-block-list\">\n<li>Conceptos b\u00e1sicos de automatizaci\u00f3n y programabilidad.<\/li>\n\n\n\n<li>JSON, YAML.<\/li>\n\n\n\n<li>Qu\u00e9 es una API<\/li>\n\n\n\n<li>Uso de herramientas como Ansible y Python.<\/li>\n<\/ul>\n<\/div><\/div>\n\n\n\n<div id=\"col-gm186900\" class=\"wp-block-gutentor-m4-col col-gm186900 gutentor-single-column  grid-lg-6 grid-md-12 grid-12\"><div id=\"section-gm186900\" class=\"section-gm186900 gutentor-col-wrap\">\n<p><strong>Clase 10: Revisi\u00f3n y Pr\u00e1ctica<\/strong><\/p>\n\n\n\n<ul class=\"wp-block-list\">\n<li>Repaso de todos los temas.<\/li>\n\n\n\n<li>Simulaci\u00f3n (20 preguntas)<\/li>\n<\/ul>\n<\/div><\/div>\n<\/div><\/div><\/section>\n\n\n\n<hr class=\"wp-block-separator has-css-opacity is-style-wide\"\/>\n\n\n\n<div class=\"wp-block-group has-background is-layout-constrained wp-container-core-group-is-layout-7b96aca3 wp-block-group-is-layout-constrained\" style=\"border-top-color:var(--wp--preset--color--luminous-vivid-orange);border-top-width:3px;border-right-style:none;border-right-width:0px;border-bottom-color:var(--wp--preset--color--luminous-vivid-orange);border-bottom-width:3px;border-left-style:none;border-left-width:0px;margin-top:var(--wp--preset--spacing--40);margin-bottom:var(--wp--preset--spacing--40);padding-top:15px;padding-right:20px;padding-bottom:15px;padding-left:20px\">\n<div class=\"wp-block-columns alignwide is-layout-flex wp-container-core-columns-is-layout-28f84493 wp-block-columns-is-layout-flex\">\n<div class=\"wp-block-column is-layout-flow wp-block-column-is-layout-flow\">\n<div class=\"wp-block-group animated animated-fadeInUp is-layout-flow wp-block-group-is-layout-flow\">\n<figure class=\"wp-block-image size-large is-resized has-custom-border  no-margin\"><img decoding=\"async\" src=\"http:\/\/muellesdealejandria.biz\/wp-content\/uploads\/2023\/10\/nosotross.png\" alt=\"Background Nosotros\" style=\"border-radius:0px;aspect-ratio:1;width:323px;height:auto\"\/><\/figure>\n<\/div>\n<\/div>\n\n\n\n<div class=\"wp-block-column is-vertically-aligned-center is-layout-flow wp-block-column-is-layout-flow\" style=\"padding-top:0px;padding-right:40px;padding-left:40px\">\n<div class=\"wp-block-group alignwide is-layout-constrained wp-container-core-group-is-layout-26420631 wp-block-group-is-layout-constrained\">\n<div class=\"wp-block-group animated animated-fadeInUp is-nowrap is-layout-flex wp-container-core-group-is-layout-e088cbc5 wp-block-group-is-layout-flex\">\n<div class=\"wp-block-group is-layout-flow wp-block-group-is-layout-flow\">\n<hr class=\"wp-block-separator has-text-color has-primary-color has-alpha-channel-opacity has-primary-background-color has-background\"\/>\n<\/div>\n\n\n\n<p class=\"animated animated-fadeInUp has-primary-color has-text-color has-medium-font-size\" style=\"letter-spacing:1px\">NOSOTROS SIEMPRE ESTAMOS ENFOCADOS<\/p>\n<\/div>\n\n\n\n<h2 class=\"wp-block-heading animated animated-fadeInUp has-slider-title-font-size\" style=\"line-height:1.2\">\u00bfPor qu\u00e9 con Nosotros? <\/h2>\n\n\n\n<p class=\"animated animated-fadeInUp has-foreground-color has-text-color\">En Muelles de Alejandr\u00eda tenemos m\u00e1s de<strong> <\/strong>veinticinco a\u00f1os impartiendo los programas de <strong>Cisco Networking Academy<\/strong>, tanto a nivel presencial como a distancia demostrando:<\/p>\n\n\n\n<div class=\"wp-block-group is-nowrap is-layout-flex wp-container-core-group-is-layout-e13ac5b4 wp-block-group-is-layout-flex\">\n<ul class=\"animated animated-fadeInUp has-foreground-color has-text-color wp-block-list\">\n<li>Calidad Acad\u00e9mica<\/li>\n\n\n\n<li>Instructores Experimentados<\/li>\n\n\n\n<li>Experiencia en entorno de aprendizaje<\/li>\n\n\n\n<li>Certificaciones Internacionales<\/li>\n<\/ul>\n<\/div>\n\n\n\n<div class=\"wp-block-buttons animated animated-fadeInUp is-content-justification-left is-layout-flex wp-container-core-buttons-is-layout-cf27a859 wp-block-buttons-is-layout-flex\" style=\"margin-top:35px;margin-bottom:20px\">\n<div class=\"wp-block-button has-custom-width wp-block-button__width-100 is-style-fill\"><a class=\"wp-block-button__link has-background-color has-primary-background-color has-text-color has-background wp-element-button\" href=\"http:\/\/muellesdealejandria.biz\/index.php\/inscripciones\/\" style=\"border-radius:5px;padding-top:5px;padding-right:23px;padding-bottom:5px;padding-left:23px\">S\u00e9 parte de nuestra comunidad<\/a><\/div>\n<\/div>\n<\/div>\n<\/div>\n<\/div>\n<\/div>\n\n\n\n<div class=\"wp-block-cover alignfull is-light\" style=\"border-style:none;border-width:0px;min-height:315px;aspect-ratio:unset;\"><span aria-hidden=\"true\" class=\"wp-block-cover__background has-background-dim-100 has-background-dim\" style=\"background-color:#ffffff\"><\/span><div class=\"wp-block-cover__inner-container is-layout-flow wp-block-cover-is-layout-flow\">\n<div class=\"wp-block-cover alignfull is-light\" style=\"border-style:none;border-width:0px;min-height:315px;aspect-ratio:unset;\"><span aria-hidden=\"true\" class=\"wp-block-cover__background has-background-dim-100 has-background-dim\" style=\"background-color:#ffffff\"><\/span><div class=\"wp-block-cover__inner-container is-layout-flow wp-block-cover-is-layout-flow\">\n<div class=\"wp-block-media-text alignwide is-stacked-on-mobile is-vertically-aligned-center is-image-fill has-background\" style=\"background:linear-gradient(180deg,rgb(214,214,214) 0%,rgb(254,254,254) 49%,rgb(214,214,214) 100%)\"><figure class=\"wp-block-media-text__media\" style=\"background-image:url(http:\/\/muellesdealejandria.biz\/wp-content\/uploads\/2024\/05\/Background-Cisco-PDF-01b-1024x681.png);background-position:50% 50%\"><img loading=\"lazy\" decoding=\"async\" width=\"1024\" height=\"681\" src=\"http:\/\/muellesdealejandria.biz\/wp-content\/uploads\/2024\/05\/Background-Cisco-PDF-01b-1024x681.png\" alt=\"Background PDF\" class=\"wp-image-4044 size-large\" srcset=\"https:\/\/muellesdealejandria.biz\/wp-content\/uploads\/2024\/05\/Background-Cisco-PDF-01b-1024x681.png 1024w, https:\/\/muellesdealejandria.biz\/wp-content\/uploads\/2024\/05\/Background-Cisco-PDF-01b-300x200.png 300w, https:\/\/muellesdealejandria.biz\/wp-content\/uploads\/2024\/05\/Background-Cisco-PDF-01b-768x511.png 768w, https:\/\/muellesdealejandria.biz\/wp-content\/uploads\/2024\/05\/Background-Cisco-PDF-01b-1536x1021.png 1536w, https:\/\/muellesdealejandria.biz\/wp-content\/uploads\/2024\/05\/Background-Cisco-PDF-01b.png 2000w\" sizes=\"auto, (max-width: 1024px) 100vw, 1024px\" \/><\/figure><div class=\"wp-block-media-text__content\">\n<h2 class=\"wp-block-heading has-text-color\" style=\"color:#000000;padding-top:var(--wp--preset--spacing--30);padding-bottom:var(--wp--preset--spacing--30);font-size:32px\"><strong>Obt\u00e9n la ficha t\u00e9cnica del curso en formato PDF<\/strong><\/h2>\n\n\n\n<p class=\"has-foreground-color has-text-color\" style=\"font-size:19px\">Prep\u00e1rese para certificaciones, con reconociento internacional. Nuestro cursos son reconocidos en diferentes \u00e1reas tecnol\u00f3gicas.<br>Obten la informaci\u00f3n mas detallada del curso.<\/p>\n\n\n\n<p class=\"has-foreground-color has-text-color\" style=\"font-size:30px\"><strong>\u00bfQu\u00e9 esperas?<\/strong> <\/p>\n\n\n\n<div class=\"wp-block-buttons is-horizontal is-layout-flex wp-container-core-buttons-is-layout-1463ed96 wp-block-buttons-is-layout-flex\" style=\"margin-top:var(--wp--preset--spacing--40);margin-bottom:var(--wp--preset--spacing--40)\">\n<div class=\"wp-block-button has-custom-font-size is-style-fill has-content-heading-font-size\"><a class=\"wp-block-button__link has-white-color has-primary-background-color has-text-color has-background wp-element-button\" href=\"http:\/\/muellesdealejandria.biz\/wp-content\/uploads\/2024\/05\/1.1.-Curso_Cisco_Intensivo_CCNA.pdf\" style=\"border-style:none;border-width:0px;border-radius:24px;padding-top:var(--wp--preset--spacing--30);padding-right:var(--wp--preset--spacing--40);padding-bottom:var(--wp--preset--spacing--30);padding-left:var(--wp--preset--spacing--40)\">Haz clic aqu\u00ed<\/a><\/div>\n<\/div>\n<\/div><\/div>\n<\/div><\/div>\n<\/div><\/div>\n\n\n\n<hr class=\"wp-block-separator has-css-opacity is-style-wide\"\/>\n\n\n\n<hr class=\"wp-block-separator has-css-opacity is-style-wide\"\/>\n\n\n\n<p>M\u00e1s informaci\u00f3n de los cursos en <a rel=\"noreferrer noopener\" href=\"https:\/\/www.netacad.com\/\" target=\"_blank\">https:\/\/www.netacad.com\/<\/a><\/p>\n","protected":false},"excerpt":{"rendered":"<p>Estructura de Contenidos M\u00e1s informaci\u00f3n de los cursos en https:\/\/www.netacad.com\/<\/p>\n","protected":false},"author":2,"featured_media":0,"parent":1379,"menu_order":0,"comment_status":"closed","ping_status":"closed","template":"","meta":{"footnotes":""},"class_list":["post-4033","page","type-page","status-publish","hentry"],"_links":{"self":[{"href":"https:\/\/muellesdealejandria.biz\/index.php\/wp-json\/wp\/v2\/pages\/4033","targetHints":{"allow":["GET"]}}],"collection":[{"href":"https:\/\/muellesdealejandria.biz\/index.php\/wp-json\/wp\/v2\/pages"}],"about":[{"href":"https:\/\/muellesdealejandria.biz\/index.php\/wp-json\/wp\/v2\/types\/page"}],"author":[{"embeddable":true,"href":"https:\/\/muellesdealejandria.biz\/index.php\/wp-json\/wp\/v2\/users\/2"}],"replies":[{"embeddable":true,"href":"https:\/\/muellesdealejandria.biz\/index.php\/wp-json\/wp\/v2\/comments?post=4033"}],"version-history":[{"count":11,"href":"https:\/\/muellesdealejandria.biz\/index.php\/wp-json\/wp\/v2\/pages\/4033\/revisions"}],"predecessor-version":[{"id":4193,"href":"https:\/\/muellesdealejandria.biz\/index.php\/wp-json\/wp\/v2\/pages\/4033\/revisions\/4193"}],"up":[{"embeddable":true,"href":"https:\/\/muellesdealejandria.biz\/index.php\/wp-json\/wp\/v2\/pages\/1379"}],"wp:attachment":[{"href":"https:\/\/muellesdealejandria.biz\/index.php\/wp-json\/wp\/v2\/media?parent=4033"}],"curies":[{"name":"wp","href":"https:\/\/api.w.org\/{rel}","templated":true}]}}