{"id":2035,"date":"2023-07-27T12:41:10","date_gmt":"2023-07-27T16:41:10","guid":{"rendered":"http:\/\/sitio.muellesdealejandria.biz\/?page_id=2035"},"modified":"2025-01-14T14:56:07","modified_gmt":"2025-01-14T18:56:07","slug":"contacto","status":"publish","type":"page","link":"https:\/\/muellesdealejandria.biz\/index.php\/contacto\/","title":{"rendered":"Contacto"},"content":{"rendered":"\n<p><\/p>\n\n\n\n<h4 class=\"wp-block-heading\">Direcci\u00f3n<\/h4>\n\n\n\n<p>Torre Profesional La California, piso\u00a010,\u00a0Oficina\u00a010-2, Avenida Francisco de Miranda <strong>Caracas<\/strong>, 1071 <strong>Venezuela<\/strong>.<br>A 40 metros de la Estaci\u00f3n del Metro LA California (Salida Av. Santiago de Le\u00f3n).<\/p>\n\n\n\n<iframe src=\"https:\/\/www.google.com\/maps\/embed?pb=!1m18!1m12!1m3!1d554.2936364910004!2d-66.8181849465147!3d10.480537001074094!2m3!1f0!2f0!3f0!3m2!1i1024!2i768!4f13.1!3m3!1m2!1s0x8c2a59b57959332f%3A0x6f513a663d18b1b0!2sTorre%20Profesional%20La%20California!5e1!3m2!1sen!2sve!4v1637908989947!5m2!1sen!2sve\" width=\"600\" height=\"450\" style=\"border:0;\" allowfullscreen=\"\" loading=\"lazy\"><\/iframe>\n\n\n\n<p><\/p>\n\n\n\n<p><strong>Correo Electr\u00f3nico<\/strong>: <a href=\"mailto:mda@alejandria.biz\">mda@alejandria.biz<\/a>,<\/p>\n\n\n\n<h4 class=\"wp-block-heading\">Telefonos:<\/h4>\n\n\n\n<pre class=\"wp-block-verse\"><strong>Locales<\/strong>:\n+58 (212) 2717656, +58 (212) 2712580, +58 (212) 2710719, +58 (212) 2716097,\n\n<strong>Celulares<\/strong>:\n+58 (414) 2010612, +58 (414) 2606569, <\/pre>\n\n\n\n<h4 class=\"wp-block-heading\">Redes Sociales<\/h4>\n\n\n\n<pre class=\"wp-block-verse\"><strong>Instagram<\/strong>:&nbsp;<a>@MuellesdeAlejandria<\/a>\n<a rel=\"noreferrer noopener\" href=\"https:\/\/www.instagram.com\/muellesdealejandria\/\" target=\"_blank\">https:\/\/www.instagram.com\/muellesdealejandria\/<\/a>\n\n<strong>Faceboock<\/strong>:&nbsp;MuellesdeAlejandria\n<a rel=\"noreferrer noopener\" href=\"https:\/\/www.facebook.com\/MuellesDeAlejandria?mibextid=ZbWKwL\" target=\"_blank\">https:\/\/www.facebook.com\/MuellesDeAlejandria?mibextid=ZbWKwL<\/a>.\n\n<strong>Twitter:&nbsp;<\/strong><a>@InstitutoMDA<\/a>\n<a rel=\"noreferrer noopener\" href=\"https:\/\/twitter.com\/institutoMDA?s=09\" target=\"_blank\">https:\/\/twitter.com\/institutoMDA?s=09<\/a>.\n\n<strong>linkedin:&nbsp;<\/strong>&nbsp;MuellesdeAlejandria\n<a rel=\"noreferrer noopener\" href=\"https:\/\/www.linkedin.com\/in\/muelles-de-alejandria-63956741\" target=\"_blank\">https:\/\/www.linkedin.com\/in\/muelles-de-alejandria-63956741<\/a><\/pre>\n\n\n\n<p><\/p>\n","protected":false},"excerpt":{"rendered":"<p>Direcci\u00f3n Torre Profesional La California, piso\u00a010,\u00a0Oficina\u00a010-2, Avenida Francisco de Miranda Caracas, 1071 Venezuela.A 40 metros de la Estaci\u00f3n del Metro LA California (Salida Av. Santiago de Le\u00f3n). Correo Electr\u00f3nico: mda@alejandria.biz, Telefonos: Locales: +58 (212) 2717656, +58 (212) 2712580, +58 (212) 2710719, +58 (212) 2716097, Celulares: +58 (414) 2010612, +58 (414)&hellip;<\/p>\n","protected":false},"author":2,"featured_media":0,"parent":0,"menu_order":0,"comment_status":"closed","ping_status":"closed","template":"","meta":{"footnotes":""},"class_list":["post-2035","page","type-page","status-publish","hentry"],"_links":{"self":[{"href":"https:\/\/muellesdealejandria.biz\/index.php\/wp-json\/wp\/v2\/pages\/2035","targetHints":{"allow":["GET"]}}],"collection":[{"href":"https:\/\/muellesdealejandria.biz\/index.php\/wp-json\/wp\/v2\/pages"}],"about":[{"href":"https:\/\/muellesdealejandria.biz\/index.php\/wp-json\/wp\/v2\/types\/page"}],"author":[{"embeddable":true,"href":"https:\/\/muellesdealejandria.biz\/index.php\/wp-json\/wp\/v2\/users\/2"}],"replies":[{"embeddable":true,"href":"https:\/\/muellesdealejandria.biz\/index.php\/wp-json\/wp\/v2\/comments?post=2035"}],"version-history":[{"count":26,"href":"https:\/\/muellesdealejandria.biz\/index.php\/wp-json\/wp\/v2\/pages\/2035\/revisions"}],"predecessor-version":[{"id":4407,"href":"https:\/\/muellesdealejandria.biz\/index.php\/wp-json\/wp\/v2\/pages\/2035\/revisions\/4407"}],"wp:attachment":[{"href":"https:\/\/muellesdealejandria.biz\/index.php\/wp-json\/wp\/v2\/media?parent=2035"}],"curies":[{"name":"wp","href":"https:\/\/api.w.org\/{rel}","templated":true}]}}