{"id":1906,"date":"2021-12-10T12:51:54","date_gmt":"2021-12-10T16:51:54","guid":{"rendered":"http:\/\/sitio.muellesdealejandria.biz\/?page_id=1906"},"modified":"2026-05-14T08:12:59","modified_gmt":"2026-05-14T12:12:59","slug":"ccnp-enterprise","status":"publish","type":"page","link":"https:\/\/muellesdealejandria.biz\/index.php\/cisco-networking-academy\/ccnp-enterprise\/","title":{"rendered":"CCNP Enterprise"},"content":{"rendered":"\n<section id=\"gm07438c7\" class=\"wp-block-gutentor-m4 section-gm07438c7 gutentor-module gutentor-advanced-columns\"><div class=\"grid-container\"><div class=\"grid-row\">\n<div id=\"col-gm3472aa\" class=\"wp-block-gutentor-m4-col col-gm3472aa gutentor-single-column  grid-lg-9 grid-md-12 grid-12\"><div id=\"section-gm3472aa\" class=\"section-gm3472aa gutentor-col-wrap\">\n<section id=\"gme84c022\" class=\"wp-block-gutentor-m4 section-gme84c022 gutentor-module gutentor-advanced-columns\"><div class=\"grid-container\"><div class=\"grid-row\">\n<div id=\"col-gm51b73f\" class=\"wp-block-gutentor-m4-col col-gm51b73f gutentor-single-column  grid-lg-12 grid-md-12 grid-12\"><div id=\"section-gm51b73f\" class=\"section-gm51b73f gutentor-col-wrap\">\n<div id=\"section-g14262e\" class=\"wp-block-gutentor-e1 section-g14262e gutentor-element gutentor-element-advanced-text\"><div class=\"gutentor-text-wrap\"><p class=\"gutentor-text\"><br><strong>DURACI\u00d3N<\/strong>:<br><br>La Especializaci\u00f3n en Redes- Nivel CCNP Enterprise, tiene una duraci\u00f3n de 184 horas acad\u00e9micas distribuidas en dos (2) niveles de:<br><br><strong>1.- CCNP Enterprise: Core Networking (ENCORE)<\/strong> 94 horas<br><br>El primer curso en la serie empresarial CCNP abarca los temas de switching, routing, tecnolog\u00eda inal\u00e1mbrica y temas de seguridad relacionados, junto con las tecnolog\u00edas que admiten redes programables definidas por software.<br><br><strong>2.- CCNP Enterprise: Advanced Routing (ENARSI)<\/strong> 90 horas<br><br>EEste segundo curso de la serie CCNP Enterprise se centra en la implementaci\u00f3n y soluci\u00f3n de problemas de enrutamiento y redistribuci\u00f3n avanzados para OSPF, EIGRP y BGP junto con tecnolog\u00edas VPN, seguridad de infraestructura y herramientas de administraci\u00f3n utilizadas en redes empresariales.<br><br>Este curso te prepara directamente para el examen de enrutamiento y servicios avanzados de Cisco Enterprise (300-410) para obtener la certificaci\u00f3n Enterprise Advanced Infrastructure Implementation Specialist.<\/p><\/div><\/div>\n\n\n\n<section id=\"section-0129b702-82ec-49a1-9608-b561d9c64cf8\" class=\"wp-block-gutentor-divider section-0129b702-82ec-49a1-9608-b561d9c64cf8 gutentor-element gutentor-section gutentor-divider text-center\"><div class=\"grid-container\"><div class=\"gutentor-divider-box\"><span><svg xmlns=\"http:\/\/www.w3.org\/2000\/svg\" viewBox=\"0 0 240 40\" preserveAspectRatio=\"none\"><path d=\"M56.2 20c5.3-.1 10.6-.2 16-.3l16-.2c10.6-.1 21.3-.1 31.9-.2 10.6.1 21.3 0 31.9.1l16 .2c5.3.1 10.6.2 16 .3-5.3.1-10.6.2-16 .3l-16 .2c-10.6.1-21.3.1-31.9.1-10.6-.1-21.3 0-31.9-.2l-16-.2c-5.4.1-10.7 0-16-.1z\"><\/path><\/svg><\/span><\/div><\/div><\/section>\n\n\n\n<section id=\"gmaddedfa\" class=\"wp-block-gutentor-m4 section-gmaddedfa gutentor-module gutentor-advanced-columns has-color-bg has-custom-bg\"><div class=\"grid-container\"><div class=\"grid-row\">\n<div id=\"col-gm3774c1\" class=\"wp-block-gutentor-m4-col col-gm3774c1 gutentor-single-column  grid-lg-12 grid-md-12 grid-12\"><div id=\"section-gm3774c1\" class=\"section-gm3774c1 gutentor-col-wrap\">\n<p><\/p>\n\n\n\n<div id=\"section-g59c2f2\" class=\"wp-block-gutentor-e1 section-g59c2f2 gutentor-element gutentor-element-advanced-text\"><div class=\"gutentor-text-wrap\"><p class=\"gutentor-text\"><strong>La finalizaci\u00f3n de cada curso de la serie de CCNP Enterprise te prepara para rendir los ex\u00e1menes de Certificaci\u00f3n Cisco\u00ae CCNP Enterprise: (350-401 ENCORE) y (300-410 ENARSI). <\/strong><br><br><strong>Cuando tienes estas dos certificaciones adem\u00e1s se te otorga la certificaci\u00f3n CCNP Enterprise<\/strong><\/p><\/div><\/div>\n<\/div><\/div>\n<\/div><\/div><\/section>\n\n\n\n<section id=\"section-965b231e-165f-40a4-8d7a-76aa85d3f6a1\" class=\"wp-block-gutentor-divider section-965b231e-165f-40a4-8d7a-76aa85d3f6a1 gutentor-element gutentor-section gutentor-divider text-center\"><div class=\"grid-container\"><div class=\"gutentor-divider-box\"><span><svg xmlns=\"http:\/\/www.w3.org\/2000\/svg\" viewBox=\"0 0 240 40\" preserveAspectRatio=\"none\"><path d=\"M56.2 20c5.3-.1 10.6-.2 16-.3l16-.2c10.6-.1 21.3-.1 31.9-.2 10.6.1 21.3 0 31.9.1l16 .2c5.3.1 10.6.2 16 .3-5.3.1-10.6.2-16 .3l-16 .2c-10.6.1-21.3.1-31.9.1-10.6-.1-21.3 0-31.9-.2l-16-.2c-5.4.1-10.7 0-16-.1z\"><\/path><\/svg><\/span><\/div><\/div><\/section>\n<\/div><\/div>\n<\/div><\/div><\/section>\n<\/div><\/div>\n\n\n\n<div id=\"col-gm1529ee\" class=\"wp-block-gutentor-m4-col col-gm1529ee gutentor-single-column  grid-lg-3 grid-md-12 grid-12\"><div id=\"section-gm1529ee\" class=\"section-gm1529ee gutentor-col-wrap\">\n<hr class=\"wp-block-separator has-text-color has-luminous-vivid-amber-color has-css-opacity has-luminous-vivid-amber-background-color has-background is-style-wide\"\/>\n\n\n\n<div id=\"section-g9e8cfe\" class=\"wp-block-gutentor-e1 section-g9e8cfe gutentor-element gutentor-element-advanced-text\"><div class=\"gutentor-text-wrap\"><p class=\"gutentor-text\"><strong>Dirigido a:<\/strong><br><br>Bachilleres y estudiantes as\u00ed como profesionales interesados en profundizar conocimientos avanzados en el \u00e1rea de redes aplicables a medianas y grandes empresas y obtener la certificaci\u00f3n internacional de Cisco\u00ae.<\/p><\/div><\/div>\n\n\n\n<hr class=\"wp-block-separator has-text-color has-luminous-vivid-amber-color has-css-opacity has-luminous-vivid-amber-background-color has-background is-style-wide\"\/>\n\n\n\n<div class=\"wp-block-cover alignfull is-light has-custom-content-position is-position-bottom-center wp-duotone-midnight\" style=\"margin-top:0;padding-top:48px;padding-right:48px;padding-bottom:48px;padding-left:48px;min-height:251px;aspect-ratio:unset;\"><img loading=\"lazy\" decoding=\"async\" width=\"1253\" height=\"1880\" class=\"wp-block-cover__image-background wp-image-2371\" alt=\"BackGround Cisco\" src=\"http:\/\/muellesdealejandria.biz\/wp-content\/uploads\/2023\/10\/Background-Cisco-VERTICAL02.png\" data-object-fit=\"cover\" srcset=\"https:\/\/muellesdealejandria.biz\/wp-content\/uploads\/2023\/10\/Background-Cisco-VERTICAL02.png 1253w, https:\/\/muellesdealejandria.biz\/wp-content\/uploads\/2023\/10\/Background-Cisco-VERTICAL02-200x300.png 200w, https:\/\/muellesdealejandria.biz\/wp-content\/uploads\/2023\/10\/Background-Cisco-VERTICAL02-682x1024.png 682w, https:\/\/muellesdealejandria.biz\/wp-content\/uploads\/2023\/10\/Background-Cisco-VERTICAL02-768x1152.png 768w, https:\/\/muellesdealejandria.biz\/wp-content\/uploads\/2023\/10\/Background-Cisco-VERTICAL02-1024x1536.png 1024w\" sizes=\"auto, (max-width: 1253px) 100vw, 1253px\" \/><span aria-hidden=\"true\" class=\"wp-block-cover__background has-background-dim-30 has-background-dim\"><\/span><div class=\"wp-block-cover__inner-container is-layout-flow wp-block-cover-is-layout-flow\">\n<div class=\"wp-block-buttons is-content-justification-center is-nowrap is-layout-flex wp-container-core-buttons-is-layout-12a27398 wp-block-buttons-is-layout-flex\">\n<div class=\"wp-block-button is-style-outline is-style-outline--1\"><a class=\"wp-block-button__link has-white-color has-text-color has-custom-font-size wp-element-button\" href=\"http:\/\/muellesdealejandria.biz\/index.php\/horarios-y-fechas\/#Course_1.2\" style=\"padding-top:24px;padding-right:48px;padding-bottom:24px;padding-left:48px;font-size:16px;font-style:normal;font-weight:600;letter-spacing:0px;text-transform:uppercase\">Vea Nuestro<br>Horarios<\/a><\/div>\n<\/div>\n<\/div><\/div>\n\n\n\n<hr class=\"wp-block-separator has-text-color has-luminous-vivid-amber-color has-css-opacity has-luminous-vivid-amber-background-color has-background is-style-wide\"\/>\n\n\n\n<div class=\"wp-block-cover alignfull is-light wp-duotone-unset-3\" style=\"margin-top:0;padding-top:48px;padding-right:48px;padding-bottom:48px;padding-left:48px;min-height:400px;aspect-ratio:unset;\"><img loading=\"lazy\" decoding=\"async\" width=\"1253\" height=\"1880\" class=\"wp-block-cover__image-background wp-image-1617\" alt=\"\" src=\"http:\/\/muellesdealejandria.biz\/wp-content\/uploads\/2021\/12\/pexels-photo-1462630-1-VERTICAL1.png\" data-object-fit=\"cover\" srcset=\"https:\/\/muellesdealejandria.biz\/wp-content\/uploads\/2021\/12\/pexels-photo-1462630-1-VERTICAL1.png 1253w, https:\/\/muellesdealejandria.biz\/wp-content\/uploads\/2021\/12\/pexels-photo-1462630-1-VERTICAL1-200x300.png 200w, https:\/\/muellesdealejandria.biz\/wp-content\/uploads\/2021\/12\/pexels-photo-1462630-1-VERTICAL1-682x1024.png 682w, https:\/\/muellesdealejandria.biz\/wp-content\/uploads\/2021\/12\/pexels-photo-1462630-1-VERTICAL1-768x1152.png 768w, https:\/\/muellesdealejandria.biz\/wp-content\/uploads\/2021\/12\/pexels-photo-1462630-1-VERTICAL1-1024x1536.png 1024w\" sizes=\"auto, (max-width: 1253px) 100vw, 1253px\" \/><span aria-hidden=\"true\" class=\"wp-block-cover__background has-background-dim-30 has-background-dim\"><\/span><div class=\"wp-block-cover__inner-container is-layout-flow wp-block-cover-is-layout-flow\">\n<div class=\"wp-block-group is-layout-constrained wp-container-core-group-is-layout-4582f6a7 wp-block-group-is-layout-constrained\">\n<h2 class=\"wp-block-heading has-text-align-center has-white-color has-text-color\" style=\"font-size:10px;font-style:normal;font-weight:100;letter-spacing:0px;line-height:1;text-transform:uppercase\">.<\/h2>\n<\/div>\n\n\n\n<div style=\"height:100px\" aria-hidden=\"true\" class=\"wp-block-spacer\"><\/div>\n\n\n\n<div class=\"wp-block-buttons is-content-justification-center is-nowrap is-layout-flex wp-container-core-buttons-is-layout-12a27398 wp-block-buttons-is-layout-flex\">\n<div class=\"wp-block-button has-custom-font-size is-style-outline is-style-outline--2\" style=\"font-size:16px;font-style:normal;font-weight:600;letter-spacing:0px;text-transform:uppercase\"><a class=\"wp-block-button__link has-white-color has-text-color wp-element-button\" href=\"http:\/\/muellesdealejandria.biz\/index.php\/inscripciones\/\" style=\"background: rgba(245, 154, 20, 0.7);font-size:16px; padding-top:14px;padding-right:18px;padding-bottom:14px;padding-left:18px\">Acelere su progreso profesional con Nosotros<br><br><br>Registrate<br>Aqu\u00ed<\/a><\/div>\n<\/div>\n<\/div><\/div>\n\n\n\n<hr class=\"wp-block-separator has-text-color has-luminous-vivid-amber-color has-css-opacity has-luminous-vivid-amber-background-color has-background is-style-wide\"\/>\n<\/div><\/div>\n<\/div><\/div><\/section>\n\n\n\n<div class=\"wp-block-cover alignfull is-light\" style=\"border-style:none;border-width:0px;min-height:315px;aspect-ratio:unset;\"><span aria-hidden=\"true\" class=\"wp-block-cover__background has-background-dim-100 has-background-dim\" style=\"background-color:#ffffff\"><\/span><div class=\"wp-block-cover__inner-container is-layout-flow wp-block-cover-is-layout-flow\">\n<div class=\"wp-block-media-text alignwide is-stacked-on-mobile is-vertically-aligned-center is-image-fill-element has-background\" style=\"background:linear-gradient(180deg,rgb(214,214,214) 0%,rgb(255,255,255) 98%)\"><figure class=\"wp-block-media-text__media\"><img decoding=\"async\" src=\"http:\/\/muellesdealejandria.biz\/wp-content\/uploads\/2023\/10\/Background-Cisco-PDF-02-1024x681.png\" alt=\"Background PDF\" class=\"wp-image-2446 size-large\" style=\"object-position:50% 50%\"\/><\/figure><div class=\"wp-block-media-text__content\">\n<h2 class=\"wp-block-heading has-text-color\" style=\"color:#000000;padding-top:var(--wp--preset--spacing--30);padding-bottom:var(--wp--preset--spacing--30);font-size:32px\"><strong>Obt\u00e9n la ficha t\u00e9cnica del curso en formato PDF<\/strong><\/h2>\n\n\n\n<p class=\"has-foreground-color has-text-color\" style=\"font-size:19px\">Prep\u00e1rese para certificaciones, con reconociento internacional. Nuestro cursos son reconocidos en diferentes \u00e1reas tecnol\u00f3gicas.<br>Obten la informaci\u00f3n mas detallada del curso.<\/p>\n\n\n\n<p class=\"has-foreground-color has-text-color\" style=\"font-size:30px\"><strong>\u00bfQu\u00e9 esperas?<\/strong> <\/p>\n\n\n\n<div class=\"wp-block-buttons is-horizontal is-layout-flex wp-container-core-buttons-is-layout-1463ed96 wp-block-buttons-is-layout-flex\" style=\"margin-top:var(--wp--preset--spacing--40);margin-bottom:var(--wp--preset--spacing--40)\">\n<div class=\"wp-block-button is-style-fill\"><a class=\"wp-block-button__link has-white-color has-primary-background-color has-text-color has-background has-content-heading-font-size has-custom-font-size wp-element-button\" href=\"http:\/\/muellesdealejandria.biz\/wp-content\/uploads\/2026\/05\/1.2.-Curso_Cisco_CCNP-Enterprise-Ver2.5.pdf\" style=\"border-style:none;border-width:0px;border-radius:24px;padding-top:var(--wp--preset--spacing--30);padding-right:var(--wp--preset--spacing--40);padding-bottom:var(--wp--preset--spacing--30);padding-left:var(--wp--preset--spacing--40)\">Haz clic aqu\u00ed<\/a><\/div>\n<\/div>\n<\/div><\/div>\n<\/div><\/div>\n\n\n\n<div class=\"wp-block-group has-background is-layout-constrained wp-container-core-group-is-layout-7b96aca3 wp-block-group-is-layout-constrained\" style=\"border-top-color:var(--wp--preset--color--luminous-vivid-orange);border-top-width:3px;border-right-style:none;border-right-width:0px;border-bottom-color:var(--wp--preset--color--luminous-vivid-orange);border-bottom-width:3px;border-left-style:none;border-left-width:0px;margin-top:var(--wp--preset--spacing--40);margin-bottom:var(--wp--preset--spacing--40);padding-top:15px;padding-right:20px;padding-bottom:15px;padding-left:20px\">\n<div class=\"wp-block-columns alignwide is-layout-flex wp-container-core-columns-is-layout-28f84493 wp-block-columns-is-layout-flex\">\n<div class=\"wp-block-column is-layout-flow wp-block-column-is-layout-flow\">\n<div class=\"wp-block-group  animated animated-fadeInUp is-layout-flow wp-block-group-is-layout-flow\">\n<figure class=\"wp-block-image aligncenter size-large has-custom-border  no-margin\"><img decoding=\"async\" src=\"http:\/\/muellesdealejandria.biz\/wp-content\/uploads\/2023\/10\/nosotross.png\" alt=\"Background Nosotros\" style=\"border-radius:0px\"\/><\/figure>\n<\/div>\n<\/div>\n\n\n\n<div class=\"wp-block-column is-vertically-aligned-center is-layout-flow wp-block-column-is-layout-flow\" style=\"padding-top:0px;padding-right:40px;padding-left:40px\">\n<div class=\"wp-block-group alignwide is-layout-constrained wp-container-core-group-is-layout-26420631 wp-block-group-is-layout-constrained\">\n<div class=\"wp-block-group animated animated-fadeInUp is-nowrap is-layout-flex wp-container-core-group-is-layout-e088cbc5 wp-block-group-is-layout-flex\">\n<div class=\"wp-block-group is-layout-flow wp-block-group-is-layout-flow\">\n<hr class=\"wp-block-separator has-text-color has-primary-color has-alpha-channel-opacity has-primary-background-color has-background\"\/>\n<\/div>\n\n\n\n<p class=\"animated animated-fadeInUp has-primary-color has-text-color has-medium-font-size\" style=\"letter-spacing:1px\">NOSOTROS SIEMPRE ESTAMOS ENFOCADOS<\/p>\n<\/div>\n\n\n\n<h2 class=\"wp-block-heading animated animated-fadeInUp has-slider-title-font-size\" style=\"line-height:1.2\">\u00bfPor qu\u00e9 con Nosotros? <\/h2>\n\n\n\n<p class=\"animated animated-fadeInUp has-foreground-color has-text-color\">En Muelles de Alejandr\u00eda tenemos m\u00e1s de<strong> <\/strong>veinticinco a\u00f1os impartiendo los programas de <strong>Cisco Networking Academy<\/strong>, tanto a nivel presencial como a distancia demostrando:<\/p>\n\n\n\n<div class=\"wp-block-group is-nowrap is-layout-flex wp-container-core-group-is-layout-e13ac5b4 wp-block-group-is-layout-flex\">\n<ul class=\"wp-block-list  animated animated-fadeInUp has-foreground-color has-text-color\">\n<li>Calidad Acad\u00e9mica<\/li>\n\n\n\n<li>Instructores Experimentados<\/li>\n\n\n\n<li>Experiencia en entorno de aprendizaje<\/li>\n\n\n\n<li>Certificaciones Internacionales<\/li>\n<\/ul>\n<\/div>\n\n\n\n<div class=\"wp-block-buttons animated animated-fadeInUp is-content-justification-left is-layout-flex wp-container-core-buttons-is-layout-cf27a859 wp-block-buttons-is-layout-flex\" style=\"margin-top:35px;margin-bottom:20px\">\n<div class=\"wp-block-button has-custom-width wp-block-button__width-100 is-style-fill\"><a class=\"wp-block-button__link has-background-color has-primary-background-color has-text-color has-background wp-element-button\" href=\"http:\/\/muellesdealejandria.biz\/index.php\/inscripciones\/\" style=\"border-radius:5px;padding-top:5px;padding-right:23px;padding-bottom:5px;padding-left:23px\">S\u00e9 parte de nuestra comunidad<\/a><\/div>\n<\/div>\n<\/div>\n<\/div>\n<\/div>\n<\/div>\n\n\n\n<hr class=\"wp-block-separator has-css-opacity is-style-wide\"\/>\n\n\n\n<hr class=\"wp-block-separator has-css-opacity is-style-wide\"\/>\n\n\n\n<p> M\u00e1s informaci\u00f3n de los cursos en <a rel=\"noreferrer noopener\" href=\"https:\/\/www.netacad.com\/\" target=\"_blank\">https:\/\/www.netacad.com\/<\/a> <\/p>\n","protected":false},"excerpt":{"rendered":"<p>M\u00e1s informaci\u00f3n de los cursos en https:\/\/www.netacad.com\/<\/p>\n","protected":false},"author":2,"featured_media":0,"parent":1379,"menu_order":2,"comment_status":"closed","ping_status":"closed","template":"","meta":{"footnotes":""},"class_list":["post-1906","page","type-page","status-publish","hentry"],"_links":{"self":[{"href":"https:\/\/muellesdealejandria.biz\/index.php\/wp-json\/wp\/v2\/pages\/1906","targetHints":{"allow":["GET"]}}],"collection":[{"href":"https:\/\/muellesdealejandria.biz\/index.php\/wp-json\/wp\/v2\/pages"}],"about":[{"href":"https:\/\/muellesdealejandria.biz\/index.php\/wp-json\/wp\/v2\/types\/page"}],"author":[{"embeddable":true,"href":"https:\/\/muellesdealejandria.biz\/index.php\/wp-json\/wp\/v2\/users\/2"}],"replies":[{"embeddable":true,"href":"https:\/\/muellesdealejandria.biz\/index.php\/wp-json\/wp\/v2\/comments?post=1906"}],"version-history":[{"count":42,"href":"https:\/\/muellesdealejandria.biz\/index.php\/wp-json\/wp\/v2\/pages\/1906\/revisions"}],"predecessor-version":[{"id":5438,"href":"https:\/\/muellesdealejandria.biz\/index.php\/wp-json\/wp\/v2\/pages\/1906\/revisions\/5438"}],"up":[{"embeddable":true,"href":"https:\/\/muellesdealejandria.biz\/index.php\/wp-json\/wp\/v2\/pages\/1379"}],"wp:attachment":[{"href":"https:\/\/muellesdealejandria.biz\/index.php\/wp-json\/wp\/v2\/media?parent=1906"}],"curies":[{"name":"wp","href":"https:\/\/api.w.org\/{rel}","templated":true}]}}