{"id":1392,"date":"2021-12-06T19:26:50","date_gmt":"2021-12-06T19:26:50","guid":{"rendered":"http:\/\/sitio.muellesdealejandria.biz\/?page_id=1392"},"modified":"2024-09-11T15:15:53","modified_gmt":"2024-09-11T19:15:53","slug":"inscripciones","status":"publish","type":"page","link":"https:\/\/muellesdealejandria.biz\/index.php\/inscripciones\/","title":{"rendered":"Inscripciones"},"content":{"rendered":"\n<p class=\"has-input-field-color has-text-color\" style=\"font-size:21px\">El per\u00edodo de inscripciones en <strong>Muelles de Alejandr\u00eda<\/strong> est\u00e1 abierto permanentemente. En caso de requerir informaci\u00f3n adicional, no dude en contactarnos.<br><br>Horario de Atenci\u00f3n: <strong>8:00 a.m. <\/strong>a <strong>5:00 p.m.<\/strong> en Horario <strong>Corrido<\/strong><\/p>\n\n\n\n<hr class=\"wp-block-separator has-text-color has-luminous-vivid-orange-color has-alpha-channel-opacity has-luminous-vivid-orange-background-color has-background is-style-wide\" style=\"margin-top:var(--wp--preset--spacing--50);margin-bottom:var(--wp--preset--spacing--50)\"\/>\n\n\n\n<p class=\"has-input-field-color has-text-color\" style=\"font-size:18px\">El Primer paso, es realizar el registro:<\/p>\n\n\n\n<div id=\"section-ge01f38\" class=\"wp-block-gutentor-e7 section-ge01f38 gutentor-element gutentor-element-list\"><ul class=\"grid-row gutentor-grid-item-wrap list-indicator-icon\"><li class=\"gutentor-list-item grid-lg-12 grid-md-12 grid-12\"><span class=\"gutentor-single-item gutentor-single-item-0\"><span class=\"gutentor-list-item-wrap g-s-list-wrap\"><span class=\"gutentor-single-list-item-icon\"><i class=\"list-item-icon fas fa-arrow-right\"><\/i><\/span><span class=\"gutentor-list-item\"><p class=\"gutentor-single-item-title\"><div id=\"section-g61ac82\" class=\"wp-block-gutentor-e7 section-g61ac82 gutentor-element gutentor-element-list\"><ul class=\"grid-row gutentor-grid-item-wrap list-indicator-icon\"><li class=\"gutentor-list-item grid-lg-12 grid-md-12 grid-12\"><span class=\"gutentor-single-item gutentor-single-item-0\"><span class=\"gutentor-list-item-wrap g-s-list-wrap\"><span class=\"gutentor-list-item\"><p class=\"gutentor-single-item-title\">Llenar la Planilla de Registro de Informaci\u00f3n (<a href=\"\/wp-content\/uploads\/2024\/09\/Planilla_de_Registro_MDA-v1.6.docx\" data-type=\"link\" data-id=\"\/wp-content\/uploads\/2023\/Doc\/Planilla_de_Registro_MDA-v1.5.docx\">MDA-Registro<\/a>).<\/p><\/span><\/span><\/span><\/li><\/ul><\/div><\/p><\/span><\/span><\/span><\/li><li class=\"gutentor-list-item grid-lg-12 grid-md-12 grid-12\"><span class=\"gutentor-single-item gutentor-single-item-1\"><span class=\"gutentor-list-item-wrap g-s-list-wrap\"><span class=\"gutentor-single-list-item-icon\"><i class=\"list-item-icon fas fa-arrow-right\"><\/i><\/span><span class=\"gutentor-list-item\"><p class=\"gutentor-single-item-title\"><div id=\"section-g61ac82\" class=\"wp-block-gutentor-e7 section-g61ac82 gutentor-element gutentor-element-list\"><ul class=\"grid-row gutentor-grid-item-wrap list-indicator-icon\"><li class=\"gutentor-list-item grid-lg-12 grid-md-12 grid-12\"><span class=\"gutentor-single-item gutentor-single-item-1\"><span class=\"gutentor-list-item-wrap g-s-list-wrap\"><span class=\"gutentor-list-item\"><p class=\"gutentor-single-item-title\">Enviar la planilla de registro (<a href=\"\/wp-content\/uploads\/2024\/09\/Planilla_de_Registro_MDA-v1.6.docx\" data-type=\"link\" data-id=\"\/wp-content\/uploads\/2023\/Doc\/Planilla_de_Registro_MDA-v1.5.docx\">MDA-Registro<\/a>) a nuestro correo electr\u00f3nico mda@alejandria.biz, o directamente a nuestro Instituto en la Torre Profesional La California.<\/p><\/span><\/span><\/span><\/li><\/ul><\/div><\/p><\/span><\/span><\/span><\/li><li class=\"gutentor-list-item grid-lg-12 grid-md-12 grid-12\"><span class=\"gutentor-single-item gutentor-single-item-2\"><span class=\"gutentor-list-item-wrap g-s-list-wrap\"><span class=\"gutentor-single-list-item-icon\"><i class=\"list-item-icon fas fa-arrow-right\"><\/i><\/span><span class=\"gutentor-list-item\"><p class=\"gutentor-single-item-title\"><div id=\"section-g61ac82\" class=\"wp-block-gutentor-e7 section-g61ac82 gutentor-element gutentor-element-list\"><ul class=\"grid-row gutentor-grid-item-wrap list-indicator-icon\"><li class=\"gutentor-list-item grid-lg-12 grid-md-12 grid-12\"><span class=\"gutentor-single-item gutentor-single-item-2\"><span class=\"gutentor-list-item-wrap g-s-list-wrap\"><span class=\"gutentor-list-item\"><p class=\"gutentor-single-item-title\">Haber sido notificado por el Instituto Muelles de Alejandr\u00eda que fue aceptado en el programa y formalizar su inscripci\u00f3n antes del inicio de clases. Esta notificaci\u00f3n no garantiza el cupo en los cursos de nuestro Instituto por lo que deber\u00e1 verificar si hay cupo en el horario escogido antes de realizar su inscripci\u00f3n.<\/p><\/span><\/span><\/span><\/li><\/ul><\/div><\/p><\/span><\/span><\/span><\/li><li class=\"gutentor-list-item grid-lg-12 grid-md-12 grid-12\"><span class=\"gutentor-single-item gutentor-single-item-3\"><span class=\"gutentor-list-item-wrap g-s-list-wrap\"><span class=\"gutentor-single-list-item-icon\"><i class=\"list-item-icon fas fa-arrow-right\"><\/i><\/span><span class=\"gutentor-list-item\"><p class=\"gutentor-single-item-title\"><div id=\"section-g61ac82\" class=\"wp-block-gutentor-e7 section-g61ac82 gutentor-element gutentor-element-list\"><ul class=\"grid-row gutentor-grid-item-wrap list-indicator-icon\"><li class=\"gutentor-list-item grid-lg-12 grid-md-12 grid-12\"><span class=\"gutentor-single-item gutentor-single-item-3\"><span class=\"gutentor-list-item-wrap g-s-list-wrap\"><span class=\"gutentor-list-item\"><p class=\"gutentor-single-item-title\">Llenar la planilla de inscripci\u00f3n (<a href=\"\/wp-content\/uploads\/2024\/09\/Planilla_de_Inscripcion_MDA_v1.7.docx\" data-type=\"link\" data-id=\"\/wp-content\/uploads\/2023\/Doc\/Planilla_de_Inscripcion_MDA-v1.5.docx\">MDA-Inscripci\u00f3n<\/a>) especificando curso, horario y plan de pago de su preferencia. El mismo d\u00eda en que va a realizar la inscripci\u00f3n deber\u00e1 comunicarse con el Instituto para garantizar la disponibilidad de cupo en el horario seleccionado. Recuerde que nuestro Instituto s\u00f3lo permite un m\u00e1ximo de doce personas por secci\u00f3n por lo que los cupos son limitados.<\/p><\/span><\/span><\/span><\/li><\/ul><\/div><\/p><\/span><\/span><\/span><\/li><\/ul><\/div>\n\n\n\n<hr class=\"wp-block-separator has-text-color has-luminous-vivid-orange-color has-alpha-channel-opacity has-luminous-vivid-orange-background-color has-background is-style-wide\" style=\"margin-top:var(--wp--preset--spacing--50);margin-bottom:var(--wp--preset--spacing--50)\"\/>\n\n\n\n<p class=\"has-input-field-color has-text-color\" style=\"font-size:18px\">Para formalizar la inscripci\u00f3n, tiene las siguientes opciones:<\/p>\n\n\n\n<div id=\"section-gc17217\" class=\"wp-block-gutentor-e7 section-gc17217 gutentor-element gutentor-element-list\"><ul class=\"grid-row gutentor-grid-item-wrap list-indicator-icon\"><li class=\"gutentor-list-item grid-lg-12 grid-md-12 grid-12\"><span class=\"gutentor-single-item gutentor-single-item-0\"><span class=\"gutentor-list-item-wrap g-s-list-wrap\"><span class=\"gutentor-single-list-item-icon\"><i class=\"list-item-icon fas fa-arrow-right\"><\/i><\/span><span class=\"gutentor-list-item\"><p class=\"gutentor-single-item-title\"><div id=\"section-g61ac82\" class=\"wp-block-gutentor-e7 section-g61ac82 gutentor-element gutentor-element-list\"><ul class=\"grid-row gutentor-grid-item-wrap list-indicator-icon\"><li class=\"gutentor-list-item grid-lg-12 grid-md-12 grid-12\"><span class=\"gutentor-single-item gutentor-single-item-0\"><span class=\"gutentor-list-item-wrap g-s-list-wrap\"><span class=\"gutentor-list-item\"><p class=\"gutentor-single-item-title\">Realizar su inscripci\u00f3n personalmente entregando la planilla de inscripci\u00f3n y copia de la c\u00e9dula de identidad, en nuestra sede en la Torre Profesional La California, y podr\u00e1 cancelar en efectivo por el monto correspondiente al plan de pago seleccionado.<\/p><\/span><\/span><\/span><\/li><\/ul><\/div><\/p><\/span><\/span><\/span><\/li><li class=\"gutentor-list-item grid-lg-12 grid-md-12 grid-12\"><span class=\"gutentor-single-item gutentor-single-item-1\"><span class=\"gutentor-list-item-wrap g-s-list-wrap\"><span class=\"gutentor-single-list-item-icon\"><i class=\"list-item-icon fas fa-arrow-right\"><\/i><\/span><span class=\"gutentor-list-item\"><p class=\"gutentor-single-item-title\"><div id=\"section-g61ac82\" class=\"wp-block-gutentor-e7 section-g61ac82 gutentor-element gutentor-element-list\"><ul class=\"grid-row gutentor-grid-item-wrap list-indicator-icon\"><li class=\"gutentor-list-item grid-lg-12 grid-md-12 grid-12\"><span class=\"gutentor-single-item gutentor-single-item-1\"><span class=\"gutentor-list-item-wrap g-s-list-wrap\"><span class=\"gutentor-list-item\"><p class=\"gutentor-single-item-title\">Realizar su inscripci\u00f3n enviando la planilla de inscripci\u00f3n, copia de la c\u00e9dula de identidad y el comprobante del pago a nuestro correo electr\u00f3nico mda@alejandria.biz. Para ello, realice la cancelaci\u00f3n del monto correspondiente al plan de pago seleccionado, por alguna de las siguientes opciones:<\/p><\/span><\/span><\/span><\/li><\/ul><\/div><\/p><\/span><\/span><\/span><\/li><\/ul><\/div>\n\n\n\n<div class=\"wp-block-group alignfull has-border-color has-border-border-color is-layout-constrained wp-container-core-group-is-layout-2e5112a4 wp-block-group-is-layout-constrained\" style=\"margin-top:var(--wp--preset--spacing--50);margin-bottom:var(--wp--preset--spacing--50);padding-top:var(--wp--preset--spacing--30);padding-right:var(--wp--preset--spacing--30);padding-bottom:var(--wp--preset--spacing--30);padding-left:var(--wp--preset--spacing--30)\">\n<div class=\"wp-block-media-text alignwide is-stacked-on-mobile is-vertically-aligned-top is-style-default\" style=\"margin-top:0;margin-bottom:0;padding-top:0;padding-bottom:0;grid-template-columns:21% auto\"><figure class=\"wp-block-media-text__media\"><img loading=\"lazy\" decoding=\"async\" width=\"1024\" height=\"870\" src=\"\/wp-content\/uploads\/2023\/11\/Zelle_payment_service-1024x870.png\" alt=\"\" class=\"wp-image-2858 size-full\" srcset=\"https:\/\/muellesdealejandria.biz\/wp-content\/uploads\/2023\/11\/Zelle_payment_service-1024x870.png 1024w, https:\/\/muellesdealejandria.biz\/wp-content\/uploads\/2023\/11\/Zelle_payment_service-300x255.png 300w, https:\/\/muellesdealejandria.biz\/wp-content\/uploads\/2023\/11\/Zelle_payment_service-768x653.png 768w, https:\/\/muellesdealejandria.biz\/wp-content\/uploads\/2023\/11\/Zelle_payment_service-1536x1306.png 1536w, https:\/\/muellesdealejandria.biz\/wp-content\/uploads\/2023\/11\/Zelle_payment_service-2048x1741.png 2048w\" sizes=\"auto, (max-width: 1024px) 100vw, 1024px\" \/><\/figure><div class=\"wp-block-media-text__content\">\n<p class=\"has-text-color\" style=\"color:#636363;padding-top:var(--wp--preset--spacing--30);padding-bottom:var(--wp--preset--spacing--30);font-size:17px;line-height:1.1\">ZELLE: <\/p>\n\n\n\n<p><\/p>\n\n\n\n<p class=\"has-text-color\" style=\"color:#636363;padding-top:0;padding-bottom:0;font-size:17px;line-height:1.1\">Para mayor informaci\u00f3n comunicarse con la Academia<\/p>\n<\/div><\/div>\n<\/div>\n\n\n\n<div class=\"wp-block-group alignfull has-border-color has-border-border-color is-layout-constrained wp-container-core-group-is-layout-2e5112a4 wp-block-group-is-layout-constrained\" style=\"margin-top:var(--wp--preset--spacing--50);margin-bottom:var(--wp--preset--spacing--50);padding-top:var(--wp--preset--spacing--30);padding-right:var(--wp--preset--spacing--30);padding-bottom:var(--wp--preset--spacing--30);padding-left:var(--wp--preset--spacing--30)\">\n<div class=\"wp-block-media-text alignfull is-stacked-on-mobile is-vertically-aligned-top is-style-default\" style=\"margin-top:0;margin-bottom:0;grid-template-columns:21% auto\"><figure class=\"wp-block-media-text__media\"><img loading=\"lazy\" decoding=\"async\" width=\"1024\" height=\"870\" src=\"\/wp-content\/uploads\/2023\/10\/Paypal-1024x870.png\" alt=\"\" class=\"wp-image-2801 size-full\" srcset=\"https:\/\/muellesdealejandria.biz\/wp-content\/uploads\/2023\/10\/Paypal-1024x870.png 1024w, https:\/\/muellesdealejandria.biz\/wp-content\/uploads\/2023\/10\/Paypal-300x255.png 300w, https:\/\/muellesdealejandria.biz\/wp-content\/uploads\/2023\/10\/Paypal-768x653.png 768w, https:\/\/muellesdealejandria.biz\/wp-content\/uploads\/2023\/10\/Paypal-1536x1306.png 1536w, https:\/\/muellesdealejandria.biz\/wp-content\/uploads\/2023\/10\/Paypal-2048x1741.png 2048w\" sizes=\"auto, (max-width: 1024px) 100vw, 1024px\" \/><\/figure><div class=\"wp-block-media-text__content\">\n<p class=\"has-text-color\" style=\"color:#636363;padding-top:var(--wp--preset--spacing--30);padding-bottom:var(--wp--preset--spacing--30);font-size:20px;line-height:1.1\">Paypal: <a href=\"mailto:pagos@muellesdealejandria.biz\"><strong>pagos@muellesdealejandria.biz<\/strong><\/a><\/p>\n\n\n\n<p class=\"has-text-color\" style=\"color:#636363;font-size:17px;line-height:1.1\">Para realizar el pago por esta opci\u00f3n deber\u00e1s sumar al monto correspondiente a la inscripci\u00f3n, el monto de la comisi\u00f3n que cobra PayPal por el servicio prestado.<br><br>Para conocer cu\u00e1l es el monto exacto a depositar, PayPal cuenta con una calculadora en el siguiente enlace: <a href=\"https:\/\/vendercomprardolares.com\/calculadora-comisiones-paypal.php\">https:\/\/vendercomprardolares.com\/calculadora-comisiones-paypal.php<\/a> Igualmente, es importante confirmar con la Academia el monto a cancelar.<\/p>\n<\/div><\/div>\n<\/div>\n\n\n\n<div class=\"wp-block-group alignfull has-border-color has-border-border-color is-layout-constrained wp-container-core-group-is-layout-8227365d wp-block-group-is-layout-constrained\" style=\"margin-top:var(--wp--preset--spacing--50);margin-bottom:var(--wp--preset--spacing--50);padding-top:var(--wp--preset--spacing--30);padding-right:var(--wp--preset--spacing--30);padding-bottom:var(--wp--preset--spacing--30);padding-left:var(--wp--preset--spacing--30)\">\n<div class=\"wp-block-media-text alignwide is-stacked-on-mobile is-vertically-aligned-top is-style-default\" style=\"margin-top:0;margin-bottom:0;grid-template-columns:21% auto\"><figure class=\"wp-block-media-text__media\"><img loading=\"lazy\" decoding=\"async\" width=\"1024\" height=\"870\" src=\"\/wp-content\/uploads\/2023\/10\/Banesco_Panama-1024x870.png\" alt=\"\" class=\"wp-image-2803 size-full\" srcset=\"https:\/\/muellesdealejandria.biz\/wp-content\/uploads\/2023\/10\/Banesco_Panama-1024x870.png 1024w, https:\/\/muellesdealejandria.biz\/wp-content\/uploads\/2023\/10\/Banesco_Panama-300x255.png 300w, https:\/\/muellesdealejandria.biz\/wp-content\/uploads\/2023\/10\/Banesco_Panama-768x653.png 768w, https:\/\/muellesdealejandria.biz\/wp-content\/uploads\/2023\/10\/Banesco_Panama-1536x1306.png 1536w, https:\/\/muellesdealejandria.biz\/wp-content\/uploads\/2023\/10\/Banesco_Panama-2048x1741.png 2048w\" sizes=\"auto, (max-width: 1024px) 100vw, 1024px\" \/><\/figure><div class=\"wp-block-media-text__content\">\n<p class=\"has-text-color\" style=\"color:#636363;padding-top:var(--wp--preset--spacing--30);padding-bottom:var(--wp--preset--spacing--30);font-size:17px;line-height:1.1\">Banesco Panam\u00e1: Cuenta Corriente Nro.: 110800014898<\/p>\n<\/div><\/div>\n<\/div>\n\n\n\n<div class=\"wp-block-group alignfull has-border-color has-border-border-color is-layout-constrained wp-container-core-group-is-layout-8227365d wp-block-group-is-layout-constrained\" style=\"margin-top:var(--wp--preset--spacing--50);margin-bottom:var(--wp--preset--spacing--50);padding-top:var(--wp--preset--spacing--30);padding-right:var(--wp--preset--spacing--30);padding-bottom:var(--wp--preset--spacing--30);padding-left:var(--wp--preset--spacing--30)\">\n<div class=\"wp-block-media-text alignwide is-stacked-on-mobile is-vertically-aligned-top is-style-default\" style=\"margin-top:0;margin-bottom:0;grid-template-columns:21% auto\"><figure class=\"wp-block-media-text__media\"><img loading=\"lazy\" decoding=\"async\" width=\"1024\" height=\"870\" src=\"\/wp-content\/uploads\/2023\/10\/AirTM-1024x870.png\" alt=\"\" class=\"wp-image-2799 size-full\" srcset=\"https:\/\/muellesdealejandria.biz\/wp-content\/uploads\/2023\/10\/AirTM-1024x870.png 1024w, https:\/\/muellesdealejandria.biz\/wp-content\/uploads\/2023\/10\/AirTM-300x255.png 300w, https:\/\/muellesdealejandria.biz\/wp-content\/uploads\/2023\/10\/AirTM-768x653.png 768w, https:\/\/muellesdealejandria.biz\/wp-content\/uploads\/2023\/10\/AirTM-1536x1306.png 1536w, https:\/\/muellesdealejandria.biz\/wp-content\/uploads\/2023\/10\/AirTM-2048x1741.png 2048w\" sizes=\"auto, (max-width: 1024px) 100vw, 1024px\" \/><\/figure><div class=\"wp-block-media-text__content\">\n<p class=\"has-input-field-color has-text-color\" style=\"padding-top:0;padding-bottom:0;font-size:20px\">AirTM: <a href=\"mailto:josagui@gmail.com\"><strong>josagui@gmail.com<\/strong><\/a><\/p>\n\n\n\n<p class=\"has-input-field-color has-text-color\">Para realizar el pago por esta opci\u00f3n deber\u00e1s sumar al monto correspondiente a la<br>comisi\u00f3n por el uso de la plataforma electr\u00f3nica.<\/p>\n\n\n\n<p class=\"has-input-field-color has-text-color\">Para conocer cu\u00e1l es el monto a depositar, nuestro personal de atenci\u00f3n al cliente le enviar\u00e1 un correo electr\u00f3nico o mensaje confirmando el monto exacto a cancelar. Es importante confirmar con la Academia el monto a cancelar<\/p>\n<\/div><\/div>\n<\/div>\n\n\n\n<div class=\"wp-block-group alignfull has-border-color has-border-border-color is-layout-constrained wp-container-core-group-is-layout-d7a40c7c wp-block-group-is-layout-constrained\" style=\"margin-top:var(--wp--preset--spacing--50);margin-bottom:var(--wp--preset--spacing--50);padding-top:var(--wp--preset--spacing--30);padding-right:var(--wp--preset--spacing--30);padding-bottom:var(--wp--preset--spacing--30);padding-left:var(--wp--preset--spacing--30)\">\n<div class=\"wp-block-media-text alignwide is-stacked-on-mobile is-vertically-aligned-top is-style-default\" style=\"margin-top:0;margin-bottom:0;grid-template-columns:21% auto\"><figure class=\"wp-block-media-text__media\"><img loading=\"lazy\" decoding=\"async\" width=\"1024\" height=\"870\" src=\"\/wp-content\/uploads\/2023\/11\/Crypto_exchange_Binance-1024x870.png\" alt=\"\" class=\"wp-image-2859 size-full\" srcset=\"https:\/\/muellesdealejandria.biz\/wp-content\/uploads\/2023\/11\/Crypto_exchange_Binance-1024x870.png 1024w, https:\/\/muellesdealejandria.biz\/wp-content\/uploads\/2023\/11\/Crypto_exchange_Binance-300x255.png 300w, https:\/\/muellesdealejandria.biz\/wp-content\/uploads\/2023\/11\/Crypto_exchange_Binance-768x653.png 768w, https:\/\/muellesdealejandria.biz\/wp-content\/uploads\/2023\/11\/Crypto_exchange_Binance-1536x1306.png 1536w, https:\/\/muellesdealejandria.biz\/wp-content\/uploads\/2023\/11\/Crypto_exchange_Binance-2048x1741.png 2048w\" sizes=\"auto, (max-width: 1024px) 100vw, 1024px\" \/><\/figure><div class=\"wp-block-media-text__content\">\n<p class=\"has-input-field-color has-text-color\" style=\"padding-top:0;padding-bottom:0;font-size:20px\">Binance:<strong> <a href=\"mailto:josagui@gmail.com\">josagui@gmail.com<\/a><\/strong><\/p>\n\n\n\n<p class=\"has-input-field-color has-text-color\">Para realizar el pago por esta opci\u00f3n deber\u00e1s sumar al monto correspondiente a la<br>comisi\u00f3n por el uso de la plataforma electr\u00f3nica.<\/p>\n\n\n\n<p class=\"has-input-field-color has-text-color\"><br>Para para conocer cu\u00e1l es el monto a depositar, nuestro personal de atenci\u00f3n al cliente le enviar\u00e1 un correo electr\u00f3nico o mensaje confirmando el monto exacto a cancelar. Es importante confirmar con la Academia el monto a cancelar.<\/p>\n<\/div><\/div>\n<\/div>\n\n\n\n<p><\/p>\n\n\n\n<p class=\"has-text-align-center has-input-field-color has-text-color\" style=\"margin-top:50px;margin-bottom:50px;font-size:43px\"><strong>\u00a1Te esperamos!<\/strong><\/p>\n\n\n\n<p><\/p>\n","protected":false},"excerpt":{"rendered":"<p>El per\u00edodo de inscripciones en Muelles de Alejandr\u00eda est\u00e1 abierto permanentemente. En caso de requerir informaci\u00f3n adicional, no dude en contactarnos. Horario de Atenci\u00f3n: 8:00 a.m. a 5:00 p.m. en Horario Corrido El Primer paso, es realizar el registro: Para formalizar la inscripci\u00f3n, tiene las siguientes opciones: ZELLE: Para mayor&hellip;<\/p>\n","protected":false},"author":2,"featured_media":0,"parent":0,"menu_order":0,"comment_status":"closed","ping_status":"closed","template":"","meta":{"footnotes":""},"class_list":["post-1392","page","type-page","status-publish","hentry"],"_links":{"self":[{"href":"https:\/\/muellesdealejandria.biz\/index.php\/wp-json\/wp\/v2\/pages\/1392","targetHints":{"allow":["GET"]}}],"collection":[{"href":"https:\/\/muellesdealejandria.biz\/index.php\/wp-json\/wp\/v2\/pages"}],"about":[{"href":"https:\/\/muellesdealejandria.biz\/index.php\/wp-json\/wp\/v2\/types\/page"}],"author":[{"embeddable":true,"href":"https:\/\/muellesdealejandria.biz\/index.php\/wp-json\/wp\/v2\/users\/2"}],"replies":[{"embeddable":true,"href":"https:\/\/muellesdealejandria.biz\/index.php\/wp-json\/wp\/v2\/comments?post=1392"}],"version-history":[{"count":104,"href":"https:\/\/muellesdealejandria.biz\/index.php\/wp-json\/wp\/v2\/pages\/1392\/revisions"}],"predecessor-version":[{"id":4245,"href":"https:\/\/muellesdealejandria.biz\/index.php\/wp-json\/wp\/v2\/pages\/1392\/revisions\/4245"}],"wp:attachment":[{"href":"https:\/\/muellesdealejandria.biz\/index.php\/wp-json\/wp\/v2\/media?parent=1392"}],"curies":[{"name":"wp","href":"https:\/\/api.w.org\/{rel}","templated":true}]}}