{"id":1390,"date":"2021-12-06T19:26:50","date_gmt":"2021-12-06T19:26:50","guid":{"rendered":"http:\/\/sitio.muellesdealejandria.biz\/?page_id=1390"},"modified":"2026-04-06T21:48:47","modified_gmt":"2026-04-07T01:48:47","slug":"formacion-tecnologias-de-informacion","status":"publish","type":"page","link":"https:\/\/muellesdealejandria.biz\/index.php\/formacion-tecnologias-de-informacion\/","title":{"rendered":"Capacitaci\u00f3n introductoria y especializada<\/br> en Tecnolog\u00edas de Informaci\u00f3n"},"content":{"rendered":"\n<section id=\"section-00fb4bbd-fdaf-4616-810d-3d19089a2127\" class=\"wp-block-gutentor-restaurant-menu gutentor-section gutentor-restaurant-menu restaurant-menu-template1 has-gutentor-overlay\"><div class=\"grid-container\"><div class=\"grid-row gutentor-grid-item-wrap wow animated slideInUp\" data-wow-animation=\"slideInUp\" data-wow-delay=\"0.5s\" data-wow-iteration=\"1\"><div class=\"gutentor-grid-column grid-lg-3 grid-md-6 grid-12\"><div class=\"gutentor-single-item gutentor-single-item-0\"><div class=\"gutentor-single-item-content\"><div class=\"gutentor-single-item-image-box\"><div class=\"gutentor-image-thumb\"><img loading=\"lazy\" decoding=\"async\" class=\"normal-image\" src=\"\/wp-content\/uploads\/2023\/10\/CCTV_Security_Camera_Course_003.png\" alt=\"Photo CCTV Security Camera\" height=\"1280\" width=\"1920\"\/><\/div><div class=\"gutentor-restaurant-menu-price-box price-box-right-bottom\"><div class=\"gutentor-restaurant-menu-price\"><span class=\"gutentor-restaurant-menu-price-amount\"><span class=\"gutentor-restaurant-menu-price-unit\">$<\/span>00<\/span><\/div><\/div><\/div><div class=\"gutentor-restaurant-menu-content\"><div class=\"gutentor-restaurant-menu-wrap\"><h4 class=\"gutentor-single-item-title\">C\u00e1maras de Seguridad CCTV <\/h4><\/div><\/div><div class=\"gutentor-single-item-desc\"><p class=\"gutentor-single-item-desc\">Aprender\u00e1s todo lo necesario para la instalaci\u00f3n, configuraci\u00f3n y monitoreo de c\u00e1maras de Video Vigilancia.<br><\/p><\/div><a class=\"gutentor-button gutentor-single-item-button gutentor-icon-after 14\" href=\"\/index.php\/camaras-de-seguridad-cctv\"><i class=\"gutentor-button-icon fas fa-chevron-right\"><\/i><span>M\u00e1s informaci\u00f3n<\/span><\/a><\/div><\/div><\/div><div class=\"gutentor-grid-column grid-lg-3 grid-md-6 grid-12\"><div class=\"gutentor-single-item gutentor-single-item-1\"><div class=\"gutentor-single-item-content\"><div class=\"gutentor-single-item-image-box\"><div class=\"gutentor-image-thumb\"><img loading=\"lazy\" decoding=\"async\" class=\"normal-image\" src=\"http:\/\/muellesdealejandria.biz\/wp-content\/uploads\/2024\/12\/FortiGate_Course_016.png\" alt=\"Photo FortiGate\" height=\"1280\" width=\"1920\"\/><\/div><div class=\"gutentor-restaurant-menu-price-box price-box-right-bottom\"><div class=\"gutentor-restaurant-menu-price\"><span class=\"gutentor-restaurant-menu-price-amount\"><span class=\"gutentor-restaurant-menu-price-unit\">$<\/span>0.00<\/span><\/div><\/div><\/div><div class=\"gutentor-restaurant-menu-content\"><div class=\"gutentor-restaurant-menu-wrap\"><h4 class=\"gutentor-single-item-title\">FortiOS Administrator (Versi\u00f3n 7.6)<\/h4><\/div><\/div><div class=\"gutentor-single-item-desc\"><p class=\"gutentor-single-item-desc\">El curso FortiOS Administrator 7.6 te prepara para tener las habilidades y<br>conocimientos t\u00e9cnicos necesarios en el \u00e1rea de Ciberseguridad. Adicional a eso te capacita para ejecutar operaciones<br>de alto nivel en un dispositivo Fortigate.<\/p><\/div><a class=\"gutentor-button gutentor-single-item-button gutentor-icon-after 14\" href=\"\/index.php\/formacion-tecnologias-de-informacion\/fortigate-administrator\/\"><i class=\"gutentor-button-icon fas fa-book\"><\/i><span>M\u00e1s informaci\u00f3n<\/span><\/a><\/div><\/div><\/div><\/div><\/div><\/section>\n\n\n\n<hr class=\"wp-block-separator has-css-opacity is-style-wide\"\/>\n\n\n\nCont\u00e1ctanos por: <a class=\"whatsapp\" href=\"https:\/\/api.whatsapp.com\/send\/?phone=584169485458&#038;text=Buen%20d%C3%ADa%2C%0AMe%20gustar%C3%ADa%20recibir%20informaci%C3%B3n%20de%20este%20curso%20de%20_%2A%22Especializaci%C3%B3n%20en%20Redes%20%E2%80%93%20CCNA%22%2A_.%20\">WhatsApp<\/a>\n\n\n\n<hr class=\"wp-block-separator has-css-opacity is-style-wide\"\/>\n\n\n\n<p>M\u00e1s informaci\u00f3n de los cursos en <a rel=\"noreferrer noopener\" href=\"https:\/\/www.netacad.com\/\" target=\"_blank\">https:\/\/www.netacad.com\/<\/a><\/p>\n\n\n\n<hr class=\"wp-block-separator has-css-opacity is-style-wide\"\/>\n","protected":false},"excerpt":{"rendered":"<p>Cont\u00e1ctanos por: WhatsApp M\u00e1s informaci\u00f3n de los cursos en https:\/\/www.netacad.com\/<\/p>\n","protected":false},"author":2,"featured_media":0,"parent":0,"menu_order":0,"comment_status":"closed","ping_status":"closed","template":"","meta":{"footnotes":""},"class_list":["post-1390","page","type-page","status-publish","hentry"],"_links":{"self":[{"href":"https:\/\/muellesdealejandria.biz\/index.php\/wp-json\/wp\/v2\/pages\/1390","targetHints":{"allow":["GET"]}}],"collection":[{"href":"https:\/\/muellesdealejandria.biz\/index.php\/wp-json\/wp\/v2\/pages"}],"about":[{"href":"https:\/\/muellesdealejandria.biz\/index.php\/wp-json\/wp\/v2\/types\/page"}],"author":[{"embeddable":true,"href":"https:\/\/muellesdealejandria.biz\/index.php\/wp-json\/wp\/v2\/users\/2"}],"replies":[{"embeddable":true,"href":"https:\/\/muellesdealejandria.biz\/index.php\/wp-json\/wp\/v2\/comments?post=1390"}],"version-history":[{"count":44,"href":"https:\/\/muellesdealejandria.biz\/index.php\/wp-json\/wp\/v2\/pages\/1390\/revisions"}],"predecessor-version":[{"id":5371,"href":"https:\/\/muellesdealejandria.biz\/index.php\/wp-json\/wp\/v2\/pages\/1390\/revisions\/5371"}],"wp:attachment":[{"href":"https:\/\/muellesdealejandria.biz\/index.php\/wp-json\/wp\/v2\/media?parent=1390"}],"curies":[{"name":"wp","href":"https:\/\/api.w.org\/{rel}","templated":true}]}}